{"id":5782,"date":"2019-09-11T19:30:09","date_gmt":"2019-09-11T19:30:09","guid":{"rendered":"http:\/\/limburger-courses.com\/?page_id=5782"},"modified":"2021-03-12T16:23:49","modified_gmt":"2021-03-12T16:23:49","slug":"golf-und-land-club-koeln-e-v","status":"publish","type":"page","link":"https:\/\/limburger-courses.com\/?page_id=5782","title":{"rendered":"Golf- und Land-Club K\u00f6ln"},"content":{"rendered":"<div class=\"wpb-content-wrapper\">[vc_row fullwidth=&#8220;true&#8220; padding=&#8220;0&#8243;][vc_column][mk_page_title_box section_height=&#8220;600&#8243; bg_image=&#8220;https:\/\/limburger-courses.com\/wp-content\/uploads\/2020\/05\/header_refrath-gro.jpg&#8220; bg_image_portrait=&#8220;https:\/\/limburger-courses.com\/wp-content\/uploads\/2020\/05\/header_refrath-gro.jpg&#8220; bg_position=&#8220;center center&#8220; bg_repeat=&#8220;no-repeat&#8220; bg_stretch=&#8220;true&#8220; bg_effects=&#8220;parallax&#8220; font_size=&#8220;24&#8243; title_letter_spacing=&#8220;6&#8243; font_color=&#8220;#ffffff&#8220; underline=&#8220;false&#8220;][\/vc_column][\/vc_row][vc_row][vc_column][vc_column_text][\/vc_column_text][\/vc_column][\/vc_row][vc_row padding=&#8220;0&#8243;][vc_column][mk_padding_divider size=&#8220;20&#8243;][mk_dropcaps style=&#8220;fancy-style&#8220;]F[\/mk_dropcaps][vc_column_text css=&#8220;.vc_custom_1571255974575{margin-bottom: 0px !important;}&#8220;]\n<p style=\"text-align: justify;\">\u00fcr unvergessliche Golferlebnisse<br \/>\nDer Golf- und Land-Club K\u00f6ln e.V. geh\u00f6rt zu den traditionsreichsten und renommiertesten Golfclubs in Deutschland. Gegr\u00fcndet 1906, steht er f\u00fcr h\u00f6chste Qualit\u00e4t. Unsere Mitglieder und G\u00e4ste sollen sich wohlf\u00fchlen, sei es auf dem gepflegten 18-Loch-Meisterschaftsplatz, im gediegenen Clubhaus oder in der herrlichen Naturkulisse. Wir haben das Gl\u00fcck, \u00fcber die besten Rahmenbedingungen f\u00fcr unvergessliche Golferlebnisse zu verf\u00fcgen. Und damit das so bleibt, arbeiten alle Verantwortlichen und Mitarbeiter Tag f\u00fcr Tag daran, unseren Club modern und zeitgem\u00e4\u00df weiterzuentwickeln.[\/vc_column_text][mk_padding_divider size=&#8220;20&#8243;][mk_blockquote style=&#8220;line-style&#8220; font_family=&#8220;none&#8220; align=&#8220;left&#8220;]\n<p style=\"text-align: justify;\">Der 18-Loch-Platz wurde von Dr. von Limburger entworfen und im Jahr 1955 von Theodor Heuss er\u00f6ffnet. Das Platz-Design entspricht weitestgehend dem Ursprungszustand. Insbesondere die originalen Gr\u00fcns und Gr\u00fcn-Komplexe haben eine au\u00dfergew\u00f6hnliche Qualit\u00e4t, denn die Gr\u00fcns sind leicht erh\u00f6ht, weisen klassische Ondulierungen auf und sind von kurz gem\u00e4hten Run-Offs seitlich und hinter den Gr\u00fcns gepr\u00e4gt. Alle Bunker wurden in den Jahren 2017 und 2018 auf der Basis der urspr\u00fcnglichen Bebunkerung renoviert, wobei die Bunker im originalen Stil und mit moderner Technologie gebaut wurden.<\/p>\n<p style=\"text-align: justify;\">Dr. von Limburger hat in Refrath ein abwechslungsreiches Layout entworfen. Aufgrund der hohen Qualit\u00e4t des Platzes war er h\u00e4ufig Austragungsort internationaler Meisterschaften. Viele bekannte Spieler wie Bernhard Langer, Seve Ballesteros und Gary Player haben in Refrath gespielt.<\/p>\n[\/mk_blockquote][mk_padding_divider][\/vc_column][\/vc_row][vc_row][vc_column][mk_slideshow_box images=&#8220;6253,6252,6251,6250,6249,6248&#8243; slideshow_speed=&#8220;5000&#8243; transition_speed=&#8220;3000&#8243;][\/mk_slideshow_box][\/vc_column][\/vc_row][vc_row][vc_column width=&#8220;1\/2&#8243;][mk_padding_divider][vc_column_text css=&#8220;.vc_custom_1615202649860{margin-bottom: 0px !important;}&#8220;]Golf- und Land-Club K\u00f6ln-Refrath e.V. | Golfplatz 2 |<br \/>\n51429 Bergisch-Gladbach<br \/>\n<a href=\"mailto:info@glckoeln.de\" target=\"_blank\" rel=\"noopener noreferrer\">info@glckoeln.de<\/a><br \/>\nPhone: +49 (0)2204 92760<br \/>\n<a href=\"http:\/\/www.glckoeln.de\" target=\"_blank\" rel=\"noopener noreferrer\">www.glckoeln.de<\/a><\/p>\n<p>Gr\u00fcndungsjahr: 1906<br \/>\nJahr der Platzer\u00f6ffnung: 1952<br \/>\nPlatzstatistiken: 18 Loch, Par 72, 6.199m[\/vc_column_text][\/vc_column][vc_column width=&#8220;1\/2&#8243;][vc_single_image image=&#8220;5813&#8243; img_size=&#8220;180&#215;268&#8243; add_caption=&#8220;yes&#8220; alignment=&#8220;right&#8220; onclick=&#8220;custom_link&#8220; img_link_target=&#8220;_blank&#8220; link=&#8220;https:\/\/www.glckoeln.de\/&#8220;][\/vc_column][\/vc_row]\n<\/div>","protected":false},"excerpt":{"rendered":"<p>[vc_row fullwidth=&#8220;true&#8220; padding=&#8220;0&#8243;][vc_column][mk_page_title_box section_height=&#8220;600&#8243; bg_image=&#8220;https:\/\/limburger-courses.com\/wp-content\/uploads\/2020\/05\/header_refrath-gro.jpg&#8220; bg_image_portrait=&#8220;https:\/\/limburger-courses.com\/wp-content\/uploads\/2020\/05\/header_refrath-gro.jpg&#8220; bg_position=&#8220;center center&#8220; bg_repeat=&#8220;no-repeat&#8220; bg_stretch=&#8220;true&#8220; bg_effects=&#8220;parallax&#8220; font_size=&#8220;24&#8243; title_letter_spacing=&#8220;6&#8243; font_color=&#8220;#ffffff&#8220; underline=&#8220;false&#8220;][\/vc_column][\/vc_row][vc_row][vc_column][vc_column_text][\/vc_column_text][\/vc_column][\/vc_row][vc_row padding=&#8220;0&#8243;][vc_column][mk_padding_divider size=&#8220;20&#8243;][mk_dropcaps style=&#8220;fancy-style&#8220;]F[\/mk_dropcaps][vc_column_text css=&#8220;.vc_custom_1571255974575{margin-bottom: 0px !important;}&#8220;] \u00fcr unvergessliche Golferlebnisse Der Golf- und Land-Club K\u00f6ln e.V. geh\u00f6rt zu den traditionsreichsten und renommiertesten Golfclubs in Deutschland. Gegr\u00fcndet 1906, steht er f\u00fcr h\u00f6chste Qualit\u00e4t. Unsere Mitglieder und G\u00e4ste sollen sich wohlf\u00fchlen, sei es [&hellip;]<\/p>\n","protected":false},"author":1,"featured_media":0,"parent":0,"menu_order":0,"comment_status":"closed","ping_status":"closed","template":"","meta":{"rs_blank_template":"","rs_page_bg_color":"","slide_template_v7":"","footnotes":""},"class_list":["post-5782","page","type-page","status-publish","hentry"],"_links":{"self":[{"href":"https:\/\/limburger-courses.com\/index.php?rest_route=\/wp\/v2\/pages\/5782","targetHints":{"allow":["GET"]}}],"collection":[{"href":"https:\/\/limburger-courses.com\/index.php?rest_route=\/wp\/v2\/pages"}],"about":[{"href":"https:\/\/limburger-courses.com\/index.php?rest_route=\/wp\/v2\/types\/page"}],"author":[{"embeddable":true,"href":"https:\/\/limburger-courses.com\/index.php?rest_route=\/wp\/v2\/users\/1"}],"replies":[{"embeddable":true,"href":"https:\/\/limburger-courses.com\/index.php?rest_route=%2Fwp%2Fv2%2Fcomments&post=5782"}],"version-history":[{"count":28,"href":"https:\/\/limburger-courses.com\/index.php?rest_route=\/wp\/v2\/pages\/5782\/revisions"}],"predecessor-version":[{"id":6520,"href":"https:\/\/limburger-courses.com\/index.php?rest_route=\/wp\/v2\/pages\/5782\/revisions\/6520"}],"wp:attachment":[{"href":"https:\/\/limburger-courses.com\/index.php?rest_route=%2Fwp%2Fv2%2Fmedia&parent=5782"}],"curies":[{"name":"wp","href":"https:\/\/api.w.org\/{rel}","templated":true}]}}