{"id":5853,"date":"2019-09-20T19:30:03","date_gmt":"2019-09-20T19:30:03","guid":{"rendered":"http:\/\/limburger-courses.com\/?page_id=5853"},"modified":"2021-03-09T17:05:06","modified_gmt":"2021-03-09T17:05:06","slug":"sein-leben","status":"publish","type":"page","link":"https:\/\/limburger-courses.com\/?page_id=5853","title":{"rendered":"Sein Leben"},"content":{"rendered":"<div class=\"wpb-content-wrapper\">[vc_row fullwidth=&#8220;true&#8220; padding=&#8220;0&#8243;][vc_column][mk_page_title_box section_height=&#8220;450&#8243; bg_image=&#8220;https:\/\/limburger-courses.com\/wp-content\/uploads\/2020\/01\/salzbrunn-1925-1.jpg&#8220; bg_repeat=&#8220;no-repeat&#8220; bg_stretch=&#8220;true&#8220; bg_effects=&#8220;parallax&#8220; font_size=&#8220;24&#8243; title_letter_spacing=&#8220;6&#8243; font_color=&#8220;#ffffff&#8220; underline=&#8220;false&#8220;][mk_padding_divider size=&#8220;120&#8243;][vc_row_inner][vc_column_inner width=&#8220;1\/3&#8243;][vc_single_image image=&#8220;5893&#8243; img_size=&#8220;400&#215;400&#8243;][\/vc_column_inner][vc_column_inner width=&#8220;2\/3&#8243;][mk_fancy_title color=&#8220;#393836&#8243; size=&#8220;18&#8243; letter_spacing=&#8220;3&#8243; margin_bottom=&#8220;0&#8243; font_family=&#8220;none&#8220;]\n<h4>Sein Leben<\/h4>\n[\/mk_fancy_title][mk_divider style=&#8220;thin_solid&#8220; divider_width=&#8220;custom_width&#8220; custom_width=&#8220;50&#8243; align=&#8220;left&#8220; thickness=&#8220;3&#8243;][vc_column_text disable_pattern=&#8220;false&#8220; css=&#8220;.vc_custom_1615309501363{margin-bottom: 0px !important;}&#8220;]- Geboren am 26. Februar 1901 in Leipzig-D\u00f6hlitz<\/p>\n<p>&#8211; Sein Vater Paul Bernhard Limburger jr. (1861 &#8211; 1905) entstammte dem 1747 begr\u00fcndeten Leipziger Handelshaus Seiden- und Garnhandlung J. B. Limburger Junior.<\/p>\n<p>&#8211; Seine Mutter Martina (1869 \u2013 1956) wurde als Tochter des Bankiers Oskar Freiherr von Hoffmann geboren.<\/p>\n<p>&#8211; 1924 erste Ehe mit Constance, geborene Bitter, zwei T\u00f6chter Constanze Beatrix (1925) und Monika Sybille (1927)<\/p>\n<p>&#8211; Zweite Ehe mit Ruth (1909-2001), geborene Wagner, zwei T\u00f6chter, Verena (1942) und Benita<\/p>\n<p>&#8211; Bernhard von Limburger stirbt am 15.05.1981 in Basel, nachdem er auf dem Bahnsteig im Badischen Bahnhof einen Herzschlag erlitten hatte<\/p>\n<p>&#8211; Zu diesem Zeitpunkt ist Limmy der renommierteste deutsche Golfarchitekt<\/p>\n<p>&#8211; Gleichzeitig bleibt er unvergessen als Anh\u00e4nger der klassischen Golfarchitektur, die auf britische Architekten wie Harry Colt, Tom Simpson und Alistair MacKenzie zur\u00fcckgeht[\/vc_column_text][\/vc_column_inner][\/vc_row_inner][mk_padding_divider size=&#8220;100&#8243;][vc_row_inner][vc_column_inner width=&#8220;1\/3&#8243;][vc_single_image image=&#8220;5901&#8243; img_size=&#8220;400&#215;400&#8243;][\/vc_column_inner][vc_column_inner width=&#8220;2\/3&#8243;][mk_fancy_title color=&#8220;#393836&#8243; size=&#8220;18&#8243; letter_spacing=&#8220;3&#8243; margin_bottom=&#8220;0&#8243; font_family=&#8220;none&#8220;]\n<h4>der golfer<\/h4>\n[\/mk_fancy_title][mk_divider style=&#8220;thin_solid&#8220; divider_width=&#8220;custom_width&#8220; custom_width=&#8220;50&#8243; align=&#8220;left&#8220; thickness=&#8220;3&#8243;][vc_column_text disable_pattern=&#8220;false&#8220; css=&#8220;.vc_custom_1589830731559{margin-bottom: 0px !important;}&#8220;]- Geboren am 26. Februar 1901 beginnt er als 12-j\u00e4hriger zusammen mit seiner Mutter mit dem Golfspiel in Oban, Schottland.<\/p>\n<p>&#8211; Seit 1915 Mitglied im Golf-Club Gaschwitz (Leipzig)<\/p>\n<p>&#8211; Gewinnt 1921, 22 und 1925 die Verbandsmeisterschaft von Deutschland<\/p>\n<p>&#8211; Spielt ab 1921 34-Mal in der Deutschen Nationalmannschaft und ist damit noch lange nach dem Krieg Rekordnationalspieler.<\/p>\n<p>&#8211; Gewinnt w\u00e4hrend seiner Karriere etwa 70 Golfpreise, mehrfacher Clubmeister in Gaschwitz und 1955 sogar noch in Solitude.<\/p>\n<p>&#8211; Gewinnt u.a. das Er\u00f6ffnungsturnier in Berlin-Wannsee am 26.5.1926 sowie den Senatpreis in Hamburg-Falkenstein und den Gro\u00dfen Preis von Oberhof.<\/p>\n<p>&#8211; 1922 gewinnt er den Lettr\u00e9-Pokal sowie sp\u00e4ter den Gro\u00dfen Preis von Schlesien in Salzbrunn.[\/vc_column_text][\/vc_column_inner][\/vc_row_inner][mk_padding_divider size=&#8220;100&#8243;][vc_row_inner][vc_column_inner width=&#8220;1\/3&#8243;][vc_single_image image=&#8220;6303&#8243; img_size=&#8220;400&#215;538&#8243;][\/vc_column_inner][vc_column_inner width=&#8220;2\/3&#8243;][mk_fancy_title color=&#8220;#393836&#8243; size=&#8220;18&#8243; letter_spacing=&#8220;3&#8243; margin_bottom=&#8220;0&#8243; font_family=&#8220;none&#8220;]\n<h4>der verleger<\/h4>\n[\/mk_fancy_title][mk_divider style=&#8220;thin_solid&#8220; divider_width=&#8220;custom_width&#8220; custom_width=&#8220;50&#8243; align=&#8220;left&#8220; thickness=&#8220;3&#8243;][vc_column_text disable_pattern=&#8220;false&#8220; css=&#8220;.vc_custom_1590526681301{margin-bottom: 0px !important;}&#8220;]- Studiert Rechtswissenschaften (u.a. in Hamburg), Promotion<\/p>\n<p>&#8211; Gr\u00fcndet 1925 den \u201eDeutscher Golf-Verlag GmbH in Leipzig\u201c und verlegt die erste deutsche reine Fachzeitschrift f\u00fcr den Golfsport<\/p>\n<p>&#8211; 1925 legt \u201eLimmy\u201c erstmals eine Einsteigerbrosch\u00fcre \u201eWas ist Golf\u201c auf, die bis 1970 in einer Auflage von 44.000 11x nachgedruckt wird.<\/p>\n<p>&#8211; Im M\u00e4rz 1943 stellt die Deutsche Golfzeitung u.a. wg. Papiermangel ihr Erscheinen ein und zieht mit Familie nach Reutti bei Neu-Ulm<\/p>\n<p>&#8211; 1944 Einberufungsbefehl, T\u00e4tigkeit als \u00dcbersetzer<\/p>\n<p>&#8211; 1948 Holt Limmy seine Mutter von Leipzig nach Reutti, Teile des Verlagsarchivs werden in Leipzig zur\u00fcck gelassen und tauchen dort 2007 wieder auf.<\/p>\n<p>&#8211; Gr\u00fcndung des M\u00fcnstertorverlages in Neu-Ulm. Ver\u00f6ffentlicht zun\u00e4chst Belletristik, insbesondere Englische \u00dcbersetzungen aus der Tierwelt.<\/p>\n<p>&#8211; 1953 \u00dcbersiedlung mit der Familie nach Stuttgart, Wohnsitz bis zu seinem Tode. Seit 1953 Mitglied im Stuttgarter GC Solitude.<\/p>\n<p>&#8211; Ebenfalls 1953 erh\u00e4lt er als Erster die \u201eGoldene Ehrennadel\u201c des DGV.<\/p>\n<p>&#8211; In seinem 1953 ebenfalls nach Stuttgart umgezogenen M\u00fcnstertorverlag ver\u00f6ffentlicht \u201eLimmy\u201c zahlreiche eigene B\u00fccher<\/p>\n<p>&#8211; Im wesentlichen Sammlungen von Essays, u.a. \u201eGeliebtes Golf\u201c (1956), \u201eGolf am Kamin\u201c (1967) und \u201eUnser Golf\u201c (1979).<\/p>\n<p>&#8211; Weiterhin verlegt er die bereits angesprochene Brosch\u00fcre \u201eWas ist Golf\u201c<\/p>\n<p>&#8211; Schreibt als Autor bis etwa 1970 u.a. in der Schweizer \u201eGolfrevue\u201c sowie in der Zeitschrift \u201eGolf\u201c[\/vc_column_text][\/vc_column_inner][\/vc_row_inner][mk_padding_divider size=&#8220;100&#8243;][vc_row_inner][vc_column_inner width=&#8220;1\/3&#8243;][vc_single_image image=&#8220;5899&#8243; img_size=&#8220;400&#215;400&#8243;][\/vc_column_inner][vc_column_inner width=&#8220;2\/3&#8243;][mk_fancy_title color=&#8220;#393836&#8243; size=&#8220;18&#8243; letter_spacing=&#8220;3&#8243; margin_bottom=&#8220;0&#8243; font_family=&#8220;none&#8220;]\n<h4>der golfarchitekt<\/h4>\n[\/mk_fancy_title][mk_divider style=&#8220;thin_solid&#8220; divider_width=&#8220;custom_width&#8220; custom_width=&#8220;50&#8243; align=&#8220;left&#8220; thickness=&#8220;3&#8243;][vc_column_text disable_pattern=&#8220;false&#8220; css=&#8220;.vc_custom_1590526933509{margin-bottom: 0px !important;}&#8220;]- 1926 erste T\u00e4tigkeiten als Golfplatzarchitekt f\u00fcr den Privatgolfplatz S\u00fcdstrand (auf F\u00f6hr) sowie in Feldafing (am Starnberger See).<\/p>\n<p>&#8211; 1928 Design 18-Loch Golfplatz f\u00fcr den Chemnitzer Golf-Club Plaue-Fl\u00f6ha.<\/p>\n<p>&#8211; Es folgen weitere Auftr\u00e4ge f\u00fcr Limmy u.a. in Breslau (1928), Garmisch-Werdenfels (1930), Marianske Lazne\/Marienbad (1930, Erweiterung 9 auf 18 Loch)<\/p>\n<p>&#8211; Ab etwa 1933 Arbeitsgemeinschaft mit Karl Hoffmann, Berlin:<\/p>\n<p style=\"padding-left: 40px;\">K\u00f6ln (1933 Marienburg, Erweiterung von 9 auf 18 Loch), Privatgolfplatz bei Berlin (1936), Bad D\u00fcrrenberg (1939), Krefeld und K\u00f6ln Refrath<\/p>\n<p>&#8211; Anh\u00e4nger der klassischen Golfarchitektur, die auf britische Architekten wie Harry Colt, Tom Simpson und Alistair MacKenzie zur\u00fcckgeht. Auch diese waren Autodidakten<\/p>\n<p>&#8211; Zwischen 1952 und 1980 entwarf er rund 65 weitere Golfanlagen, u.a. zun\u00e4chst f\u00fcr die in Deutschland stationierten US-Streitkr\u00e4fte und dann vor allem in Deutschland, der Schweiz und \u00d6sterreich.<\/p>\n<p>&#8211; Bekannteste Pl\u00e4tze: Refrath (Baubeginn noch 1938, Fertigstellung 1955), Hubbelrath (1961), Garlstedter Heide (1964), Stuttgart &#8211; Solitude (1969)<\/p>\n<p>&#8211; Zwischen 1950 und 1990 wurden beinahe alle internationalen Amateurmeisterschaften sowie German Open auf Pl\u00e4tzen ausgetragen, die von Limmy entworfen oder redesignt waren.<\/p>\n<p>&#8211; Bei den Redesigns bzw. Platzerweiterungen handelte es sich insbesondere um die Pl\u00e4tze Bergisch-Land (1963), Frankfurt-Niederrad (1969) und Hamburg-Falkenstein (1965 und 1969)[\/vc_column_text][\/vc_column_inner][\/vc_row_inner][\/vc_column][\/vc_row][vc_row][vc_column][mk_padding_divider][\/vc_column][\/vc_row][vc_row][vc_column][vc_column_text css=&#8220;.vc_custom_1615202450618{margin-bottom: 0px !important;}&#8220;]\u00a9 Diese Inhalte wurden von Christoph Meister erstellt und unterliegen dem deutschen Urheberrecht. Die Vervielf\u00e4ltigung, Bearbeitung, Verbreitung und jede Art der Verwertung au\u00dferhalb der Grenzen des Urheberrechtes bed\u00fcrfen der schriftlichen Zustimmung.[\/vc_column_text][\/vc_column][\/vc_row]\n<\/div>","protected":false},"excerpt":{"rendered":"<p>[vc_row fullwidth=&#8220;true&#8220; padding=&#8220;0&#8243;][vc_column][mk_page_title_box section_height=&#8220;450&#8243; bg_image=&#8220;https:\/\/limburger-courses.com\/wp-content\/uploads\/2020\/01\/salzbrunn-1925-1.jpg&#8220; bg_repeat=&#8220;no-repeat&#8220; bg_stretch=&#8220;true&#8220; bg_effects=&#8220;parallax&#8220; font_size=&#8220;24&#8243; title_letter_spacing=&#8220;6&#8243; font_color=&#8220;#ffffff&#8220; underline=&#8220;false&#8220;][mk_padding_divider size=&#8220;120&#8243;][vc_row_inner][vc_column_inner width=&#8220;1\/3&#8243;][vc_single_image image=&#8220;5893&#8243; img_size=&#8220;400&#215;400&#8243;][\/vc_column_inner][vc_column_inner width=&#8220;2\/3&#8243;][mk_fancy_title color=&#8220;#393836&#8243; size=&#8220;18&#8243; letter_spacing=&#8220;3&#8243; margin_bottom=&#8220;0&#8243; font_family=&#8220;none&#8220;] Sein Leben [\/mk_fancy_title][mk_divider style=&#8220;thin_solid&#8220; divider_width=&#8220;custom_width&#8220; custom_width=&#8220;50&#8243; align=&#8220;left&#8220; thickness=&#8220;3&#8243;][vc_column_text disable_pattern=&#8220;false&#8220; css=&#8220;.vc_custom_1615309501363{margin-bottom: 0px !important;}&#8220;]- Geboren am 26. Februar 1901 in Leipzig-D\u00f6hlitz &#8211; Sein Vater Paul Bernhard Limburger jr. (1861 &#8211; 1905) entstammte dem 1747 begr\u00fcndeten [&hellip;]<\/p>\n","protected":false},"author":1,"featured_media":0,"parent":0,"menu_order":0,"comment_status":"open","ping_status":"open","template":"","meta":{"rs_blank_template":"","rs_page_bg_color":"","slide_template_v7":"","footnotes":""},"class_list":["post-5853","page","type-page","status-publish","hentry"],"_links":{"self":[{"href":"https:\/\/limburger-courses.com\/index.php?rest_route=\/wp\/v2\/pages\/5853","targetHints":{"allow":["GET"]}}],"collection":[{"href":"https:\/\/limburger-courses.com\/index.php?rest_route=\/wp\/v2\/pages"}],"about":[{"href":"https:\/\/limburger-courses.com\/index.php?rest_route=\/wp\/v2\/types\/page"}],"author":[{"embeddable":true,"href":"https:\/\/limburger-courses.com\/index.php?rest_route=\/wp\/v2\/users\/1"}],"replies":[{"embeddable":true,"href":"https:\/\/limburger-courses.com\/index.php?rest_route=%2Fwp%2Fv2%2Fcomments&post=5853"}],"version-history":[{"count":67,"href":"https:\/\/limburger-courses.com\/index.php?rest_route=\/wp\/v2\/pages\/5853\/revisions"}],"predecessor-version":[{"id":6455,"href":"https:\/\/limburger-courses.com\/index.php?rest_route=\/wp\/v2\/pages\/5853\/revisions\/6455"}],"wp:attachment":[{"href":"https:\/\/limburger-courses.com\/index.php?rest_route=%2Fwp%2Fv2%2Fmedia&parent=5853"}],"curies":[{"name":"wp","href":"https:\/\/api.w.org\/{rel}","templated":true}]}}