{"id":5881,"date":"2019-09-20T20:48:08","date_gmt":"2019-09-20T20:48:08","guid":{"rendered":"http:\/\/limburger-courses.com\/?page_id=5881"},"modified":"2021-03-12T16:26:32","modified_gmt":"2021-03-12T16:26:32","slug":"datenschutzerklaerung","status":"publish","type":"page","link":"https:\/\/limburger-courses.com\/?page_id=5881","title":{"rendered":"Datenschutzerkl\u00e4rung"},"content":{"rendered":"<div class=\"wpb-content-wrapper\">[vc_row fullwidth=&#8220;true&#8220; padding=&#8220;0&#8243;][vc_column][mk_page_title_box page_title=&#8220;Dr. Bernhard von Limburger&#8220; page_subtitle=&#8220;Limburger Courses&#8220; section_height=&#8220;360&#8243; bg_image=&#8220;https:\/\/limburger-courses.com\/wp-content\/uploads\/2019\/09\/limburger-iii.jpg&#8220; overlay=&#8220;rgba(0,0,0,0.53)&#8220; bg_effects=&#8220;parallax&#8220; font_size=&#8220;24&#8243; title_letter_spacing=&#8220;6&#8243; font_color=&#8220;#ffffff&#8220; underline=&#8220;false&#8220;][\/vc_column][\/vc_row][vc_row padding=&#8220;0&#8243; id=&#8220;aboutcompany-ID&#8220;][vc_column][mk_padding_divider size=&#8220;120&#8243;][mk_fancy_title color=&#8220;#393836&#8243; size=&#8220;18&#8243; letter_spacing=&#8220;3&#8243; margin_bottom=&#8220;0&#8243; font_family=&#8220;none&#8220;]Datenschutzerkl\u00e4rung[\/mk_fancy_title][mk_divider style=&#8220;thin_solid&#8220; divider_width=&#8220;custom_width&#8220; custom_width=&#8220;50&#8243; align=&#8220;left&#8220; thickness=&#8220;3&#8243;][vc_column_text disable_pattern=&#8220;false&#8220; css=&#8220;.vc_custom_1569013834666{margin-bottom: 0px !important;}&#8220;]\n<div class=\"fusion-text\">\n<p>Der Schutz Ihrer personenbezogenen Daten ist uns ein wichtiges Anliegen. Wir haben technische und organisatorische Ma\u00dfnahmen getroffen, die sicherstellen, dass die Vorschriften \u00fcber den Datenschutz sowohl von uns als auch von externen Dienstleistern (Auftragsverarbeitern) beachtet werden.<\/p>\n<p>Als verantwortliche Stelle ergreifen wir alle gesetzlich erforderlichen Ma\u00dfnahmen, um Ihre personenbezogenen Daten zu sch\u00fctzen. Zur Benennung eines Datenschutzbeauftragten sind wir nicht verpflichtet. Bei Fragen zu dieser Datenschutzerkl\u00e4rung wenden Sie sich bitte an:<\/p>\n<p>Golf- und Land-Club K\u00f6ln e.V.<br \/>\n<em>Golfplatz 2<br \/>\n51429 Bergisch Gladbach<br \/>\ninfo@glckoeln.de<\/em><\/p>\n<h4>1. Geltungsbereich dieser Datenschutzerkl\u00e4rung<\/h4>\n<p>In dieser Datenschutzerkl\u00e4rung geht es um personenbezogene Daten von Interessenten und Mitgliedern der beteiligten Clubs, die nat\u00fcrliche Personen sind und allen anderen nat\u00fcrlichen Personen, die in Kontakt mit uns stehen, z. B. Vertreter oder Mitarbeiter juristischer Personen, aber auch Besucher unserer Website und Personen.<\/p>\n<h4>2. Verarbeitung von Daten<\/h4>\n<p>Personenbezogene Daten sind Informationen zu Ihrer Identit\u00e4t. Hierunter fallen z.B. Angaben wie Name, Adresse, Telefonnummer oder E-Mail-Adresse.<\/p>\n<p>Die Datenverarbeitung erfolgt zur Vertragserf\u00fcllung sowie zur Erf\u00fcllung gesetzlicher Verpflichtungen. Daten von Interessenten verarbeiten wir zur Wahrung unserer berechtigten Interessen bzw. zur Anbahnung eines Vertrages.<\/p>\n<p><strong>Verarbeitung von Daten beim Besuch unserer Homepage:<\/strong><\/p>\n<p>Generell k\u00f6nnen Sie unsere Homepage besuchen, ohne personenbezogene Daten zu hinterlassen, z.B. wenn Sie sich nur \u00fcber uns informieren wollen und die entsprechenden Seiten aufrufen. Die hierbei get\u00e4tigten Zugriffe auf unsere Homepage und jeder Abruf einer auf der Homepage hinterlegten Datei werden protokolliert und f\u00fcr max. 7 Tage gespeichert. Die Speicherung dient internen systembezogenen und statistischen Zwecken. Protokolliert werden: Name der abgerufenen Datei, Datum und Uhrzeit des Abrufs, \u00fcbertragene Datenmenge, Meldung \u00fcber erfolgreichen Abruf, Webbrowser und anfragende Domain. Hierbei werden jedoch keine personenbezogenen Daten Ihrerseits \u00fcbermittelt, da die IP-Adressen der Besucher lediglich in gek\u00fcrzter (anonymisierter) Form erfasst werden.<\/p>\n<p><strong>Weitere Verarbeitung von Daten:<\/strong><\/p>\n<p>In bestimmten F\u00e4llen ben\u00f6tigen wir weitere Angaben wie z. B. Ihren Namen und Ihre Adresse, damit wir Ihre Anfrage bearbeiten oder auch eine gew\u00fcnschten Dienstleistungen erbringen k\u00f6nnen. Diese weitergehenden personenbezogenen Daten werden nur erfasst und gespeichert, wenn Sie diese Angaben freiwillig, etwa im Rahmen einer Anfrage, oder einer Registrierung machen.<\/p>\n<p><strong>Verarbeitung durch Dienstleister:<\/strong><\/p>\n<p>Dar\u00fcber hinaus, arbeiten wir mit weiteren Unternehmen zusammen. Hierzu geh\u00f6ren Hostingdienstleister (Internet, E-Mail) und Telefondienstleister.<\/p>\n<h4>3. Cookies<\/h4>\n<p>Wenn Sie unseren Internetauftritt besuchen, werden wir Informationen in Form von bis zu vier Cookies auf Ihrem Computer ablegen. Cookies sind kleine Text-Dateien, die von einem Webserver an Ihren Browser gesendet und auf die Festplatte Ihres Computers gespeichert werden.<\/p>\n<p>Bei diesen Cookies handelt es sich um Session-Cookies, die nur bis zum Ende Ihrer Sitzung g\u00fcltig sind. Wir nutzen diese Cookies, um mit Piwik und\/oder Google Analytics, das Besucherverhalten auf unserem Internetauftritt zu analysieren. Hierbei haben wir Sorge getragen, dass die IP unserer Besucher gek\u00fcrzt und somit anonymisiert wird.<br \/>\nSelbstverst\u00e4ndlich k\u00f6nnen Sie unsere Homepage auch ohne Cookies betrachten. Sie haben jederzeit die M\u00f6glichkeit, das Speichern von Cookies zu unterbinden, indem Sie in Ihren Browser-Einstellungen \u201ckeine Cookies akzeptieren\u201d w\u00e4hlen. Wie das im Einzelnen funktioniert, entnehmen Sie bitte der Anleitung Ihres Browser-Herstellers.<\/p>\n<h4>4. FACEBOOK-Plugin<\/h4>\n<p>Sie finden auf unserer Webseite Plugins des sozialen Netzwerks Facebook. Dessen Anbieter ist die Facebook Inc. Sie ist ans\u00e4ssig in den USA, California 94025, 1 Hacker Way, Menlo Park. Das Facebook-Logo oder der \u201cLike-Button\u201d (\u201cGef\u00e4llt mir\u201d-Knopf) auf unserer Seite kennzeichnen die Facebook-Plugins f\u00fcr Sie erkennbar. Beachten Sie auch die \u00dcbersicht zu den Facebook-Plugins auf http:\/\/developers.facebook.com\/docs\/plugins\/. Wenn Sie unsere Website besuchen, stellen wir \u00fcber das Plugin direkt eine Verbindung mit dem Facebook-Server her. Sie sind dann \u00fcber Ihren Browser dorthin geschaltet. Facebook erh\u00e4lt damit die Information, dass Sie unsere Webseite mit Ihrer IP-Adresse besucht haben. Mit einem Klick auf den Facebook \u201cLike-Button\u201d verlinken Sie Inhalte unserer Webseite mit Ihrem Profil auf Facebook. F\u00fcr Facebook wird der Besuch auf unserer Seite Ihrem Benutzerkonto zuordenbar. Wir haben keine Kenntnis dar\u00fcber, welcher Art die Inhalte sind, die an Facebook \u00fcbermittelt werden und wie Facebook diese nutzt. Sie erhalten n\u00e4here Informationen zur Datenerhebung und Datennutzung in der Facebook-Datenschutzerkl\u00e4rung, die Sie unter http:\/\/de-de.facebook.com\/policy.php finden. Sie k\u00f6nnen die Zuordnung Ihres Besuches auf unserer Seite mit Ihrem Facebook-Profil unterbinden, indem Sie sich einfach vorher aus Ihrem Facebook-Account ausloggen.<\/p>\n<h4>5. Google Analytics<\/h4>\n<p>Wir setzten auf dieser Website Google Analytics ein, einen Webanalysedienst der Google Inc. (\u201eGoogle\u201c) ein. Google verwendet Cookies. Die durch das Cookie erzeugten Informationen \u00fcber die Benutzung des Onlineangebotes durch die Nutzer werden in der Regel an einen Server von Google in den USA \u00fcbertragen und dort gespeichert.<br \/>\nGoogle wird diese Informationen in unserem Auftrag benutzen, um die Nutzung unseres Onlineangebotes durch die Nutzer auszuwerten, um Reports \u00fcber die Aktivit\u00e4ten innerhalb dieses Onlineangebotes zusammenzustellen und um weitere mit der Nutzung dieses Onlineangebotes und der Internetnutzung verbundene Dienstleistungen uns gegen\u00fcber zu erbringen. Dabei k\u00f6nnen aus den verarbeiteten Daten pseudonyme Nutzungsprofile der Nutzer erstellt werden.<\/p>\n<p>Wir setzen Google Analytics nur mit aktivierter IP-Anonymisierung ein. Das bedeutet, die IP-Adresse der Nutzer wird von Google innerhalb von Mitgliedstaaten der Europ\u00e4ischen Union oder in anderen Vertragsstaaten des Abkommens \u00fcber den Europ\u00e4ischen Wirtschaftsraum gek\u00fcrzt. Nur in Ausnahmef\u00e4llen wird die volle IP-Adresse an einen Server von Google in den USA \u00fcbertragen und dort gek\u00fcrzt.\u00a0Die von dem Browser des Nutzers \u00fcbermittelte IP-Adresse wird nicht mit anderen Daten von Google zusammengef\u00fchrt.<\/p>\n<p>Die Nutzer k\u00f6nnen die Speicherung der Cookies durch eine entsprechende Einstellung ihrer Browser-Software verhindern; die Nutzer k\u00f6nnen dar\u00fcber hinaus die Erfassung der durch das Cookie erzeugten und auf ihre Nutzung des Onlineangebotes bezogenen Daten an Google sowie die Verarbeitung dieser Daten durch Google verhindern, indem sie das unter dem folgenden Link verf\u00fcgbare Browser-Plugin herunterladen und installieren: <a href=\"http:\/\/tools.google.com\/dlpage\/gaoptout?hl=de\">http:\/\/tools.google.com\/dlpage\/gaoptout?hl=de<\/a>.<\/p>\n<p>Weitere Informationen zur Datennutzung zu Werbezwecken durch Google, Einstellungs- und Widerspruchsm\u00f6glichkeiten erfahren Sie auf den Webseiten von Google: <a href=\"https:\/\/www.google.com\/intl\/de\/policies\/privacy\/partners\/\">https:\/\/www.google.com\/intl\/de\/policies\/privacy\/partners\/<\/a> (\u201eDatennutzung durch Google bei Ihrer Nutzung von Websites oder Apps unserer Partner\u201c), <a href=\"http:\/\/www.google.com\/policies\/technologies\/ads\">http:\/\/www.google.com\/policies\/technologies\/ads<\/a> (\u201eDatennutzung zu Werbezwecken\u201c),<a href=\"http:\/\/www.google.de\/settings\/ads\"> http:\/\/www.google.de\/settings\/ads<\/a> (\u201eInformationen verwalten, die Google verwendet, um Ihnen Werbung einzublenden\u201c) und <a href=\"http:\/\/www.google.com\/ads\/preferences\/\">http:\/\/www.google.com\/ads\/preferences\/<\/a> (\u201eBestimmen Sie, welche Werbung Google Ihnen zeigt\u201c<\/p>\n<h4>6. SSL-Verschl\u00fcsselung<\/h4>\n<p>Unsere Webseite bedient sich einer SSL-Verschl\u00fcsselung, wenn es um die \u00dcbermittlung vertraulicher oder pers\u00f6nlicher Inhalte unserer Nutzer geht. Diese Verschl\u00fcsslung wird zum Beispiel bei der Abwicklung von Anfragen aktiviert, die Sie an uns \u00fcber unsere Webseite stellen. Achten Sie bitte darauf, dass die SSL-Verschl\u00fcsselung bei entsprechenden Aktivit\u00e4ten von Ihrer Seite her aktiviert ist. Der Einsatz der Verschl\u00fcsselung ist leicht zu erkennen: Die Anzeige in Ihrer Browserzeile wechselt von \u201ehttp:\/\/\u201c zu \u201ehttps:\/\/\u201c. \u00dcber SSL verschl\u00fcsselte Daten sind nicht von Dritten lesbar. \u00dcbermitteln Sie Ihre vertraulichen Informationen nur bei aktivierter SSL-Verschl\u00fcsselung und wenden Sie sich im Zweifel an uns.<\/p>\n<h4>7. Links<\/h4>\n<p>Diese Datenschutzerkl\u00e4rung erstreckt sich nur auf Inhalte unseres Internet-Angebots, nicht jedoch auf Webseiten, welche \u00fcber externe Links aufgerufen werden k\u00f6nnen. Wenn wir Links anbieten, bem\u00fchen wir uns sicherzustellen, dass auch diese unsere Datenschutz- und Sicherheitsstandards einhalten. Wir haben jedoch keinen Einfluss auf die Einhaltung der Datenschutz- und Sicherheitsbestimmungen durch andere Anbieter. Informieren Sie sich deshalb bitte auf den Internetseiten der anderen Anbieter auch \u00fcber die dort bereitgestellten Datenschutzerkl\u00e4rungen.<\/p>\n<h4>8. Recht auf Best\u00e4tigung<\/h4>\n<p>Jede von einer Verarbeitung personenbezogener Daten betroffene Person kann eine Best\u00e4tigung dar\u00fcber verlangen, ob personenbezogene Daten von ihr verarbeitet werden. Daf\u00fcr k\u00f6nnen Sie sich an den oben genannten Kontakt wenden.<\/p>\n<h4>9. Speicherung, L\u00f6schung<\/h4>\n<p>Die L\u00f6schung gespeicherter personenbezogener Daten erfolgt grunds\u00e4tzlich nach Ablauf der gesetzlichen Aufbewahrungsfristen.<\/p>\n<p>Die L\u00f6schung gespeicherter personenbezogener Daten erfolgt auch, wenn Sie Ihre Einwilligung zur Speicherung widerrufen und es an einer anderweitigen Rechtsgrundlage fehlt, wenn ihre Kenntnis zur Erf\u00fcllung des mit der Speicherung verfolgten Zwecks nicht mehr erforderlich ist oder wenn ihre Speicherung aus sonstigen gesetzlichen Gr\u00fcnden unzul\u00e4ssig ist, es sei denn gesetzliche Aufbewahrungsvorschriften sprechen gegen eine L\u00f6schung, dann tritt an Stelle der L\u00f6schung eine Einschr\u00e4nkung der Verarbeitung (Sperrung).<\/p>\n<p>Die L\u00f6schung gespeicherter personenbezogener Daten erfolgt zudem, wenn Ihre personenbezogenen Daten unrechtm\u00e4\u00dfig verarbeitet wurden oder gel\u00f6scht werden m\u00fcssen, um gesetzlichen Anforderungen zu entsprechen.<\/p>\n<p>F\u00fcr den Fall, dass die L\u00f6schung nicht oder nur mit unverh\u00e4ltnism\u00e4\u00dfigem Aufwand realisierbar ist, tritt an Stelle der L\u00f6schung eine Einschr\u00e4nkung der Verarbeitung.<\/p>\n<h4>10. Auskunft, Information und Berichtigung<\/h4>\n<p>Sie k\u00f6nnen Auskunft \u00fcber Ihre von uns verarbeiteten personenbezogenen Daten verlangen. Auf schriftliche Anfrage informieren wir Sie gerne \u00fcber die zu Ihrer Person gespeicherten Daten.<\/p>\n<p>Bei der Kommunikation per E-Mail kann die vollst\u00e4ndige Datensicherheit nicht von uns gew\u00e4hrleistet werden, so dass wir Ihnen bei vertraulichen Informationen die Kommunikation \u00fcber De-Mail oder \u00fcber den Postweg empfehlen.<\/p>\n<p>Sollten Ihre Angaben nicht (mehr) zutreffend sein, k\u00f6nnen Sie eine Berichtigung verlangen. Sollten Ihre Daten unvollst\u00e4ndig sein, k\u00f6nnen Sie eine Vervollst\u00e4ndigung verlangen. Wenn wir Ihre Angaben an Dritte weitergegeben haben, informieren wir diese Dritten \u00fcber Ihre Berichtigung \u2013 sofern dies gesetzlich vorgeschrieben ist.<\/p>\n<h4>11. Einschr\u00e4nkung der Verarbeitung personenbezogener Daten<\/h4>\n<p>Sie haben das Recht, aus einem der folgenden Gr\u00fcnde eine Einschr\u00e4nkung der Verarbeitung (Sperrung) Ihrer personenbezogenen Daten zu verlangen:<\/p>\n<ul>\n<li>Wenn die Richtigkeit Ihrer personenbezogenen Daten von Ihnen bestritten wird und wir die M\u00f6glichkeit hatten, die Richtigkeit zu \u00fcberpr\u00fcfen.<\/li>\n<li>Wenn die Verarbeitung nicht rechtm\u00e4\u00dfig erfolgt und Sie statt der L\u00f6schung eine Einschr\u00e4nkung der Nutzung verlangen.<\/li>\n<li>Wenn wir Ihre Daten nicht mehr f\u00fcr die Zwecke der Verarbeitung ben\u00f6tigen, Sie diese jedoch zur Geltendmachung, Aus\u00fcbung oder Verteidigung gegen Rechtsanspr\u00fcche brauchen.<\/li>\n<li>Wenn Sie Widerspruch eingelegt haben, solange noch nicht feststeht, ob Ihre Interessen \u00fcberwiegen.<\/li>\n<\/ul>\n<h4>12. Recht auf Daten\u00fcbertragbarkeit<\/h4>\n<p>Sie haben das Recht, personenbezogene Daten, die Sie uns gegeben haben, in einem \u00fcbertragbaren Format zu erhalten.<\/p>\n<h4>13. Widerspruchsrecht, Kontaktm\u00f6glichkeit, Beschwerde<\/h4>\n<p>Sie k\u00f6nnen jederzeit Ihre Zustimmung zur Erhebung und Speicherung Ihrer personenbezogenen Daten durch uns widerrufen. Auch wenn Sie Fragen zu unserem Datenschutz oder Berichtigungs- und L\u00f6schungsw\u00fcnsche in Bezug auf Ihre Daten haben, k\u00f6nnen Sie uns diese gerne per E-Mail an info@glckoeln.de oder per Post an Golf- und Land-Club K\u00f6ln e.V. senden. Sie sind auch berechtigt, bei der zust\u00e4ndigen Datenschutzaufsichtsbeh\u00f6rde Beschwerde einzureichen.<\/p>\n<h4>14. Recht auf Widerruf einer datenschutzrechtlichen Einwilligung<\/h4>\n<p>Jede von der Verarbeitung personenbezogener Daten betroffene Person hat das Recht, eine Einwilligung zur Verarbeitung personenbezogener Daten jederzeit zu widerrufen. Derjenige kann sich an an den oben genannten Kontakt wenden.<\/p>\n<h4>15. \u00c4nderung unserer Datenschutzbestimmungen<\/h4>\n<p>Wir behalten uns das Recht vor, unsere Sicherheits- und Datenschutzma\u00dfnahmen zu ver\u00e4ndern, soweit dies wegen der technischen Entwicklung erforderlich wird. In diesen F\u00e4llen werden wir auch unsere Hinweise zum Datenschutz entsprechend anpassen. Bitte beachten Sie daher die jeweils aktuelle Version unserer Datenschutzerkl\u00e4rung.<\/p><\/div>\n[\/vc_column_text][\/vc_column][\/vc_row]\n<\/div>","protected":false},"excerpt":{"rendered":"<p>[vc_row fullwidth=&#8220;true&#8220; padding=&#8220;0&#8243;][vc_column][mk_page_title_box page_title=&#8220;Dr. Bernhard von Limburger&#8220; page_subtitle=&#8220;Limburger Courses&#8220; section_height=&#8220;360&#8243; bg_image=&#8220;https:\/\/limburger-courses.com\/wp-content\/uploads\/2019\/09\/limburger-iii.jpg&#8220; overlay=&#8220;rgba(0,0,0,0.53)&#8220; bg_effects=&#8220;parallax&#8220; font_size=&#8220;24&#8243; title_letter_spacing=&#8220;6&#8243; font_color=&#8220;#ffffff&#8220; underline=&#8220;false&#8220;][\/vc_column][\/vc_row][vc_row padding=&#8220;0&#8243; id=&#8220;aboutcompany-ID&#8220;][vc_column][mk_padding_divider size=&#8220;120&#8243;][mk_fancy_title color=&#8220;#393836&#8243; size=&#8220;18&#8243; letter_spacing=&#8220;3&#8243; margin_bottom=&#8220;0&#8243; font_family=&#8220;none&#8220;]Datenschutzerkl\u00e4rung[\/mk_fancy_title][mk_divider style=&#8220;thin_solid&#8220; divider_width=&#8220;custom_width&#8220; custom_width=&#8220;50&#8243; align=&#8220;left&#8220; thickness=&#8220;3&#8243;][vc_column_text disable_pattern=&#8220;false&#8220; css=&#8220;.vc_custom_1569013834666{margin-bottom: 0px !important;}&#8220;] Der Schutz Ihrer personenbezogenen Daten ist uns ein wichtiges Anliegen. Wir haben technische und organisatorische Ma\u00dfnahmen getroffen, die sicherstellen, dass die [&hellip;]<\/p>\n","protected":false},"author":1,"featured_media":0,"parent":0,"menu_order":0,"comment_status":"open","ping_status":"open","template":"","meta":{"rs_blank_template":"","rs_page_bg_color":"","slide_template_v7":"","footnotes":""},"class_list":["post-5881","page","type-page","status-publish","hentry"],"_links":{"self":[{"href":"https:\/\/limburger-courses.com\/index.php?rest_route=\/wp\/v2\/pages\/5881","targetHints":{"allow":["GET"]}}],"collection":[{"href":"https:\/\/limburger-courses.com\/index.php?rest_route=\/wp\/v2\/pages"}],"about":[{"href":"https:\/\/limburger-courses.com\/index.php?rest_route=\/wp\/v2\/types\/page"}],"author":[{"embeddable":true,"href":"https:\/\/limburger-courses.com\/index.php?rest_route=\/wp\/v2\/users\/1"}],"replies":[{"embeddable":true,"href":"https:\/\/limburger-courses.com\/index.php?rest_route=%2Fwp%2Fv2%2Fcomments&post=5881"}],"version-history":[{"count":3,"href":"https:\/\/limburger-courses.com\/index.php?rest_route=\/wp\/v2\/pages\/5881\/revisions"}],"predecessor-version":[{"id":6525,"href":"https:\/\/limburger-courses.com\/index.php?rest_route=\/wp\/v2\/pages\/5881\/revisions\/6525"}],"wp:attachment":[{"href":"https:\/\/limburger-courses.com\/index.php?rest_route=%2Fwp%2Fv2%2Fmedia&parent=5881"}],"curies":[{"name":"wp","href":"https:\/\/api.w.org\/{rel}","templated":true}]}}