{"id":6021,"date":"2019-11-18T21:58:26","date_gmt":"2019-11-18T21:58:26","guid":{"rendered":"http:\/\/limburger-courses.com\/?page_id=6021"},"modified":"2021-03-12T16:24:03","modified_gmt":"2021-03-12T16:24:03","slug":"golf-club-ulm-e-v","status":"publish","type":"page","link":"https:\/\/limburger-courses.com\/?page_id=6021","title":{"rendered":"Golf Club Ulm"},"content":{"rendered":"<div class=\"wpb-content-wrapper\">[vc_row fullwidth=&#8220;true&#8220; padding=&#8220;0&#8243;][vc_column][mk_page_title_box section_height=&#8220;600&#8243; bg_image=&#8220;https:\/\/limburger-courses.com\/wp-content\/uploads\/2020\/05\/header_ulm-gro.jpg&#8220; bg_image_portrait=&#8220;https:\/\/limburger-courses.com\/wp-content\/uploads\/2020\/05\/header_ulm-gro.jpg&#8220; bg_position=&#8220;center center&#8220; bg_repeat=&#8220;no-repeat&#8220; bg_stretch=&#8220;true&#8220; bg_effects=&#8220;parallax&#8220; font_size=&#8220;24&#8243; title_letter_spacing=&#8220;6&#8243; font_color=&#8220;#ffffff&#8220; underline=&#8220;false&#8220;][\/vc_column][\/vc_row][vc_row][vc_column][vc_column_text][\/vc_column_text][\/vc_column][\/vc_row][vc_row padding=&#8220;0&#8243;][vc_column][mk_padding_divider size=&#8220;20&#8243;][mk_dropcaps style=&#8220;fancy-style&#8220;]D[\/mk_dropcaps][vc_column_text css=&#8220;.vc_custom_1574113203463{margin-bottom: 0px !important;}&#8220;]\n<p style=\"text-align: justify;\">er Golf Club Ulm wurde 1963 gegr\u00fcndet. Unsere Golfanlage befindet sich im ehemaligen &#8222;Gr\u00e4flich von Fugger&#8217;schen Hofgut Wochenau&#8220; und ist nur etwa 20 Autominuten vom Ulmer M\u00fcnster entfernt. Als einziger Club in der Region geh\u00f6ren wir zu den &#8222;Leading Golf Clubs of Germany&#8220;. Es ist uns wichtig, unseren Mitgliedern und G\u00e4sten einen exzellenten Golfplatz und eine hervorragende Gastronomie anzubieten. Wir sind ein familienfreundlicher Club mit einem umfassenden Kinder- und Jugendtraining. Unsere Mitglieder kommen in den Genuss, dass es bei uns keine Startzeitenvergabe gibt. Dar\u00fcber hinaus leisten wir einen erheblichen Beitrag zum Schutz unserer Umwelt. Wir nehmen seit vielen Jahren am Programm \u201cGolf und Natur\u201d des Deutschen Golfverbands teil und sind Inhaber des entsprechenden Zertifikats in Gold.<\/p>\n[\/vc_column_text][mk_padding_divider size=&#8220;20&#8243;][mk_blockquote style=&#8220;line-style&#8220; font_family=&#8220;none&#8220; align=&#8220;left&#8220;]\n<p style=\"text-align: justify;\">Der Platz des Golfclub Ulm liegt im Naturschutzgebiet \u201eUnteres Illertal\u201c, einem reizvollen, park\u00e4hnlichen Gel\u00e4nde, umgeben von Wasserl\u00e4ufen und altem Baumbestand. Die Spielbahnen verlaufen teilweise in Waldbereichen und teilweise in eher offener Landschaft, zwischen den Bahnen finden sich an verschiedenen Stellen sch\u00f6ne Orchideenbiotope und Magerwiesen. Aufgrund des recht kiesigen Bodens verf\u00fcgt der Platz \u00fcber eine sehr gute nat\u00fcrliche Dr\u00e4nage.<\/p>\n<p>&nbsp;<\/p>\n<p style=\"text-align: justify;\">Urspr\u00fcnglich handelte es sich um einen von Dr. von Limburger entworfenen 9-Loch-Platz. Nachdem der Platz im Jahr 1992 auf 18 Spielbahnen erweitert worden war, hat der Club im Jahr 2019 eine umfassende \u00dcberarbeitung der Anlage durchf\u00fchren lassen. Erstens wurden im Rahmen des Projekts alle Bunker im Sinne des Limburger-Designs \u00fcberarbeitet. Zweitens wurden, ebenfalls im Sinne der Limburger-Philosophie, zwei neue Bahnen geschaffen und das Layout so angepasst, dass nun die ersten und die zweiten 9 Bahnen jeweils am Clubhaus starten und enden. 7 Bahnen entsprechen noch weitgehend dem urspr\u00fcnglichen Design und bilden weiterhin das Herzst\u00fcck des Golfplatzes.<\/p>\n[\/mk_blockquote][mk_padding_divider][\/vc_column][\/vc_row][vc_row][vc_column][mk_slideshow_box images=&#8220;6259,6258,6257,6256,6255&#8243; slideshow_speed=&#8220;5000&#8243; transition_speed=&#8220;3000&#8243;][\/mk_slideshow_box][\/vc_column][\/vc_row][vc_row][vc_column width=&#8220;1\/2&#8243;][mk_padding_divider][vc_column_text css=&#8220;.vc_custom_1574113884309{margin-bottom: 0px !important;}&#8220;]Golf Club Ulm e.V. | Wochenauer Hof 2 | 89186 Illerrieden<br \/>\n<a href=\"mailto:info@golfclubulm.de\">info@golfclubulm.de<\/a><br \/>\nPhone: +49 (0)7306 92950-0<br \/>\n<a href=\"https:\/\/www.golfclubulm.de\/\" target=\"_blank\" rel=\"noopener noreferrer\">www.golfclubulm.de<\/a><\/p>\n<p>Gr\u00fcndungsjahr: 1963<br \/>\nJahr der Platzer\u00f6ffnung: 1965<br \/>\nPlatzstatistiken: 18 Loch, Par 72, 6.072m[\/vc_column_text][\/vc_column][vc_column width=&#8220;1\/2&#8243;][mk_padding_divider][vc_single_image image=&#8220;6023&#8243; img_size=&#8220;medium&#8220; alignment=&#8220;right&#8220; onclick=&#8220;custom_link&#8220; img_link_target=&#8220;_blank&#8220; link=&#8220;https:\/\/www.golfclubulm.de\/&#8220;][\/vc_column][\/vc_row]\n<\/div>","protected":false},"excerpt":{"rendered":"<p>[vc_row fullwidth=&#8220;true&#8220; padding=&#8220;0&#8243;][vc_column][mk_page_title_box section_height=&#8220;600&#8243; bg_image=&#8220;https:\/\/limburger-courses.com\/wp-content\/uploads\/2020\/05\/header_ulm-gro.jpg&#8220; bg_image_portrait=&#8220;https:\/\/limburger-courses.com\/wp-content\/uploads\/2020\/05\/header_ulm-gro.jpg&#8220; bg_position=&#8220;center center&#8220; bg_repeat=&#8220;no-repeat&#8220; bg_stretch=&#8220;true&#8220; bg_effects=&#8220;parallax&#8220; font_size=&#8220;24&#8243; title_letter_spacing=&#8220;6&#8243; font_color=&#8220;#ffffff&#8220; underline=&#8220;false&#8220;][\/vc_column][\/vc_row][vc_row][vc_column][vc_column_text][\/vc_column_text][\/vc_column][\/vc_row][vc_row padding=&#8220;0&#8243;][vc_column][mk_padding_divider size=&#8220;20&#8243;][mk_dropcaps style=&#8220;fancy-style&#8220;]D[\/mk_dropcaps][vc_column_text css=&#8220;.vc_custom_1574113203463{margin-bottom: 0px !important;}&#8220;] er Golf Club Ulm wurde 1963 gegr\u00fcndet. Unsere Golfanlage befindet sich im ehemaligen &#8222;Gr\u00e4flich von Fugger&#8217;schen Hofgut Wochenau&#8220; und ist nur etwa 20 Autominuten vom Ulmer M\u00fcnster entfernt. Als einziger Club in der Region [&hellip;]<\/p>\n","protected":false},"author":1,"featured_media":0,"parent":0,"menu_order":0,"comment_status":"closed","ping_status":"closed","template":"","meta":{"rs_blank_template":"","rs_page_bg_color":"","slide_template_v7":"","footnotes":""},"class_list":["post-6021","page","type-page","status-publish","hentry"],"_links":{"self":[{"href":"https:\/\/limburger-courses.com\/index.php?rest_route=\/wp\/v2\/pages\/6021","targetHints":{"allow":["GET"]}}],"collection":[{"href":"https:\/\/limburger-courses.com\/index.php?rest_route=\/wp\/v2\/pages"}],"about":[{"href":"https:\/\/limburger-courses.com\/index.php?rest_route=\/wp\/v2\/types\/page"}],"author":[{"embeddable":true,"href":"https:\/\/limburger-courses.com\/index.php?rest_route=\/wp\/v2\/users\/1"}],"replies":[{"embeddable":true,"href":"https:\/\/limburger-courses.com\/index.php?rest_route=%2Fwp%2Fv2%2Fcomments&post=6021"}],"version-history":[{"count":11,"href":"https:\/\/limburger-courses.com\/index.php?rest_route=\/wp\/v2\/pages\/6021\/revisions"}],"predecessor-version":[{"id":6521,"href":"https:\/\/limburger-courses.com\/index.php?rest_route=\/wp\/v2\/pages\/6021\/revisions\/6521"}],"wp:attachment":[{"href":"https:\/\/limburger-courses.com\/index.php?rest_route=%2Fwp%2Fv2%2Fmedia&parent=6021"}],"curies":[{"name":"wp","href":"https:\/\/api.w.org\/{rel}","templated":true}]}}