{"id":6029,"date":"2019-11-18T22:19:28","date_gmt":"2019-11-18T22:19:28","guid":{"rendered":"http:\/\/limburger-courses.com\/?page_id=6029"},"modified":"2021-03-12T16:24:18","modified_gmt":"2021-03-12T16:24:18","slug":"golf-klub-braunschweig-e-v","status":"publish","type":"page","link":"https:\/\/limburger-courses.com\/?page_id=6029","title":{"rendered":"Golf-Klub Braunschweig"},"content":{"rendered":"<div class=\"wpb-content-wrapper\">[vc_row fullwidth=&#8220;true&#8220; padding=&#8220;0&#8243;][vc_column][mk_page_title_box section_height=&#8220;600&#8243; bg_image=&#8220;https:\/\/limburger-courses.com\/wp-content\/uploads\/2020\/05\/header_braunschweig-gro.jpg&#8220; bg_image_portrait=&#8220;https:\/\/limburger-courses.com\/wp-content\/uploads\/2020\/05\/header_braunschweig-gro.jpg&#8220; bg_position=&#8220;center center&#8220; bg_repeat=&#8220;no-repeat&#8220; bg_stretch=&#8220;true&#8220; bg_effects=&#8220;parallax&#8220; font_size=&#8220;24&#8243; title_letter_spacing=&#8220;6&#8243; font_color=&#8220;#ffffff&#8220; underline=&#8220;false&#8220;][\/vc_column][\/vc_row][vc_row][vc_column][vc_column_text][\/vc_column_text][\/vc_column][\/vc_row][vc_row padding=&#8220;0&#8243;][vc_column][mk_padding_divider size=&#8220;20&#8243;][mk_dropcaps style=&#8220;fancy-style&#8220;]D[\/mk_dropcaps][vc_column_text css=&#8220;.vc_custom_1574114575130{margin-bottom: 0px !important;}&#8220;]\n<p style=\"text-align: justify;\">er Golf-Klub Braunschweig wurde bereits im Jahr 1926 gegr\u00fcndet. Wir verbinden Tradition mit Moderne. Einerseits sind wir auf unsere lange und bewegte Historie stolz und sehen unserem 100-j\u00e4hrigen Jubil\u00e4um im Jahr 2026 mit Freude entgegen. Andererseits haben wir unseren Klub in den vergangenen Jahren konsequent weiterentwickelt. Wir sind weiterhin ein Mitglieder-Club, f\u00fcr den die F\u00f6rderung unserer Jugend und der leistungssportliche Gedanke verpflichtende Ma\u00dfst\u00e4be darstellen. Unser im Jahr 2017 umfassend modernisiertes Clubhaus mit gro\u00dfer Terrasse liegt inmitten hoher B\u00e4ume und bietet einen wunderbaren Blick auf den Golfplatz.<\/p>\n[\/vc_column_text][mk_padding_divider size=&#8220;20&#8243;][mk_blockquote style=&#8220;line-style&#8220; font_family=&#8220;none&#8220; align=&#8220;left&#8220;]\n<p style=\"text-align: justify;\">Seit fast 100 Jahren befindet sich der Platz des Golf-Klub Braunschweig auf dem sehr zentral gelegenen Gel\u00e4nde mitten in Braunschweig. Im Jahr 1938 begann die Reichsbahn im Zusammenhang mit dem Bau des nahegelegenen Bahnhofs mit umfangreichen Sandentnahmen auf dem Golfplatz-Gel\u00e4nde.<\/p>\n<p>&nbsp;<\/p>\n<p style=\"text-align: justify;\">Zwischen 1946 und 1982 wurde der urspr\u00fcngliche 9-Loch-Platz in mehreren Schritten zum heutigen 18-Loch-Platz umgebaut, wobei Dr. von Limburger immer wieder in diese Umbauten eingebunden war. Diverse Spielbahnen und Gr\u00fcns gehen auf die Pl\u00e4ne von Dr. von Limburger zur\u00fcck. Von den Sandentnahmen profitiert der Platz noch heute, denn dadurch ist eine interessante Topographie entstanden und Dr. von Limburger konnte klassische Spielbahnen mit hohem Wiedererkennungswert anlegen.<\/p>\n[\/mk_blockquote][mk_padding_divider][\/vc_column][\/vc_row][vc_row][vc_column][mk_slideshow_box images=&#8220;6235,6236,6237&#8243; slideshow_speed=&#8220;5000&#8243; transition_speed=&#8220;3000&#8243;][\/mk_slideshow_box][\/vc_column][\/vc_row][vc_row][vc_column width=&#8220;1\/2&#8243;][mk_padding_divider][vc_column_text css=&#8220;.vc_custom_1574115076100{margin-bottom: 0px !important;}&#8220;]Golf-Klub Braunschweig e.V. | Schwartzkopffstr. 10 | 38126 Braunschweig<br \/>\n<a href=\"mailto:sekretariat@golf-klub-braunschweig.de\" target=\"_blank\" rel=\"noopener noreferrer\">sekretariat@golf-klub-braunschweig.de<\/a><br \/>\nPhone +49 (0)531 26 4240<br \/>\n<a href=\"https:\/\/golfklub-braunschweig.de\/\" target=\"_blank\" rel=\"noopener noreferrer\">www.golfklub-braunschweig.de<\/a><\/p>\n<p>Gr\u00fcndungsjahr: 1926<br \/>\nJahr der Platzer\u00f6ffnung: 1929<br \/>\nPlatzstatistiken: 18 Loch, Par 71, 5.723m[\/vc_column_text][\/vc_column][vc_column width=&#8220;1\/2&#8243;][mk_padding_divider size=&#8220;20&#8243;][vc_single_image image=&#8220;6030&#8243; img_size=&#8220;200&#215;200&#8243; alignment=&#8220;right&#8220; onclick=&#8220;custom_link&#8220; img_link_target=&#8220;_blank&#8220; link=&#8220;https:\/\/golfklub-braunschweig.de\/&#8220;][\/vc_column][\/vc_row]\n<\/div>","protected":false},"excerpt":{"rendered":"<p>[vc_row fullwidth=&#8220;true&#8220; padding=&#8220;0&#8243;][vc_column][mk_page_title_box section_height=&#8220;600&#8243; bg_image=&#8220;https:\/\/limburger-courses.com\/wp-content\/uploads\/2020\/05\/header_braunschweig-gro.jpg&#8220; bg_image_portrait=&#8220;https:\/\/limburger-courses.com\/wp-content\/uploads\/2020\/05\/header_braunschweig-gro.jpg&#8220; bg_position=&#8220;center center&#8220; bg_repeat=&#8220;no-repeat&#8220; bg_stretch=&#8220;true&#8220; bg_effects=&#8220;parallax&#8220; font_size=&#8220;24&#8243; title_letter_spacing=&#8220;6&#8243; font_color=&#8220;#ffffff&#8220; underline=&#8220;false&#8220;][\/vc_column][\/vc_row][vc_row][vc_column][vc_column_text][\/vc_column_text][\/vc_column][\/vc_row][vc_row padding=&#8220;0&#8243;][vc_column][mk_padding_divider size=&#8220;20&#8243;][mk_dropcaps style=&#8220;fancy-style&#8220;]D[\/mk_dropcaps][vc_column_text css=&#8220;.vc_custom_1574114575130{margin-bottom: 0px !important;}&#8220;] er Golf-Klub Braunschweig wurde bereits im Jahr 1926 gegr\u00fcndet. Wir verbinden Tradition mit Moderne. Einerseits sind wir auf unsere lange und bewegte Historie stolz und sehen unserem 100-j\u00e4hrigen Jubil\u00e4um im Jahr 2026 mit Freude [&hellip;]<\/p>\n","protected":false},"author":1,"featured_media":0,"parent":0,"menu_order":0,"comment_status":"closed","ping_status":"closed","template":"","meta":{"rs_blank_template":"","rs_page_bg_color":"","slide_template_v7":"","footnotes":""},"class_list":["post-6029","page","type-page","status-publish","hentry"],"_links":{"self":[{"href":"https:\/\/limburger-courses.com\/index.php?rest_route=\/wp\/v2\/pages\/6029","targetHints":{"allow":["GET"]}}],"collection":[{"href":"https:\/\/limburger-courses.com\/index.php?rest_route=\/wp\/v2\/pages"}],"about":[{"href":"https:\/\/limburger-courses.com\/index.php?rest_route=\/wp\/v2\/types\/page"}],"author":[{"embeddable":true,"href":"https:\/\/limburger-courses.com\/index.php?rest_route=\/wp\/v2\/users\/1"}],"replies":[{"embeddable":true,"href":"https:\/\/limburger-courses.com\/index.php?rest_route=%2Fwp%2Fv2%2Fcomments&post=6029"}],"version-history":[{"count":10,"href":"https:\/\/limburger-courses.com\/index.php?rest_route=\/wp\/v2\/pages\/6029\/revisions"}],"predecessor-version":[{"id":6522,"href":"https:\/\/limburger-courses.com\/index.php?rest_route=\/wp\/v2\/pages\/6029\/revisions\/6522"}],"wp:attachment":[{"href":"https:\/\/limburger-courses.com\/index.php?rest_route=%2Fwp%2Fv2%2Fmedia&parent=6029"}],"curies":[{"name":"wp","href":"https:\/\/api.w.org\/{rel}","templated":true}]}}