{"id":6038,"date":"2019-11-18T22:43:30","date_gmt":"2019-11-18T22:43:30","guid":{"rendered":"http:\/\/limburger-courses.com\/?page_id=6038"},"modified":"2021-03-12T13:31:09","modified_gmt":"2021-03-12T13:31:09","slug":"golf-club-hubbelrath","status":"publish","type":"page","link":"https:\/\/limburger-courses.com\/?page_id=6038","title":{"rendered":"Golf Club Hubbelrath"},"content":{"rendered":"<div class=\"wpb-content-wrapper\">[vc_row fullwidth=&#8220;true&#8220; padding=&#8220;0&#8243;][vc_column][mk_page_title_box section_height=&#8220;600&#8243; bg_image=&#8220;https:\/\/limburger-courses.com\/wp-content\/uploads\/2020\/05\/header_hubbelrath-gro.jpg&#8220; bg_image_portrait=&#8220;https:\/\/limburger-courses.com\/wp-content\/uploads\/2020\/05\/header_hubbelrath-gro.jpg&#8220; bg_position=&#8220;center center&#8220; bg_repeat=&#8220;no-repeat&#8220; bg_stretch=&#8220;true&#8220; bg_effects=&#8220;parallax&#8220; font_size=&#8220;24&#8243; title_letter_spacing=&#8220;6&#8243; font_color=&#8220;#ffffff&#8220; underline=&#8220;false&#8220;][\/vc_column][\/vc_row][vc_row][vc_column][vc_column_text][\/vc_column_text][\/vc_column][\/vc_row][vc_row padding=&#8220;0&#8243;][vc_column][mk_padding_divider size=&#8220;20&#8243;][mk_dropcaps style=&#8220;fancy-style&#8220;]E[\/mk_dropcaps][vc_column_text css=&#8220;.vc_custom_1574115775878{margin-bottom: 0px !important;}&#8220;]\n<p style=\"text-align: justify;\">in Panorama der Superlative, zwei sehr anspruchsvolle Golfpl\u00e4tze, reger Spiel- und Turnierbetrieb und eine rundum angenehme Atmosph\u00e4re \u2013 das ist der Golf Club Hubbelrath. Unsere Anlage liegt rund 8 km von der City entfernt im \u00e4u\u00dfersten Osten von D\u00fcsseldorf, und zwar auf dem Sandberg, der mit 165 H\u00f6henmetern der h\u00f6chste Punkt der Stadt ist. Unser Club geh\u00f6rt zu den f\u00fchrenden Golfadressen Deutschlands, denn unsere Anlage ist regelm\u00e4\u00dfig Austragungsort gro\u00dfer nationaler und internationaler Turniere. Die beiden \u00e4u\u00dferst unterschiedlichen Golfpl\u00e4tze bieten Spielern aller Leistungsstufen hervorragende sportliche M\u00f6glichkeiten. Der beste Beleg sind unsere \u00fcberaus erfolgreichen Clubmannschaften \u2013 auch im Jugendbereich. Denn die Nachwuchsf\u00f6rderung liegt uns besonders am Herzen.<\/p>\n[\/vc_column_text][mk_padding_divider size=&#8220;20&#8243;][mk_blockquote style=&#8220;line-style&#8220; font_family=&#8220;none&#8220; align=&#8220;left&#8220;]\n<p style=\"text-align: justify;\">Dr. von Limburger hat f\u00fcr den Golf-Club Hubbelrath zwei exzellente 18-Loch-Pl\u00e4tze entworfen, die sich in einem landschaftlich reizvollen Gebiet in den Ausl\u00e4ufern des Bergischen Landes befinden. Der Ostplatz ist seit vielen Jahren immer wieder Austragungsort gro\u00dfer nationaler und internationaler Meisterschaften. Unter anderem haben Spieler wie Bernhard Langer, Nick Faldo und Colin Montgomerie hier an der German Open teilgenommen. Dr. von Limburger hat den Ostplatz wunderbar in die leicht h\u00fcgelige Landschaft eingef\u00fcgt und einen sehr abwechslungsreichen und anspruchsvollen Golfplatz geschaffen.<\/p>\n<p>&nbsp;<\/p>\n<p style=\"text-align: justify;\">Der Westplatz ist zwar k\u00fcrzer als der Ostplatz, aber bez\u00fcglich der Qualit\u00e4t der Gr\u00fcnkomplexe und der landschaftlichen Einbettung kann er es ohne weiteres mit seinem bekannteren Nachbarn aufnehmen. Seit vielen Jahren ist der Golf Club Hubbelrath f\u00fcr seinen konsequenten Umwelt- und Naturschutz bekannt und verf\u00fcgt \u00fcber das artenreichste Stadtbiotop D\u00fcsseldorfs.<\/p>\n[\/mk_blockquote][mk_padding_divider][\/vc_column][\/vc_row][vc_row][vc_column][mk_slideshow_box images=&#8220;6240,6241&#8243; slideshow_speed=&#8220;5000&#8243; transition_speed=&#8220;3000&#8243;][\/mk_slideshow_box][\/vc_column][\/vc_row][vc_row][vc_column width=&#8220;1\/2&#8243;][mk_padding_divider][vc_column_text css=&#8220;.vc_custom_1615555845834{margin-bottom: 0px !important;}&#8220;]Golf Club Hubbelrath<br \/>\nLand und Golf Club D\u00fcsseldorf e.V. | Bergische Landstra\u00dfe 700 |<br \/>\n40629 D\u00fcsseldorf<br \/>\n<a href=\"mailto:info@gc-hubbelrath.de\">info@gc-hubbelrath.de<\/a><br \/>\nPhone: +49 (0)2104 72178<br \/>\n<a href=\"https:\/\/www.gc-hubbelrath.de\/\" target=\"_blank\" rel=\"noopener noreferrer\">www.gc-hubbelrath.de<\/a><\/p>\n<p>Gr\u00fcndungsjahr: 1961<br \/>\nJahr der Platzer\u00f6ffnung: 1961<br \/>\nPlatzstatistiken: Ostplatz 18 Loch, Par 72, 5.977m<br \/>\nWestplatz 18 Loch, Par 66, 4.000m[\/vc_column_text][\/vc_column][vc_column width=&#8220;1\/2&#8243;][mk_padding_divider size=&#8220;20&#8243;][vc_single_image image=&#8220;6040&#8243; img_size=&#8220;medium&#8220; alignment=&#8220;right&#8220; onclick=&#8220;custom_link&#8220; img_link_target=&#8220;_blank&#8220; link=&#8220;https:\/\/www.gc-hubbelrath.de\/&#8220;][\/vc_column][\/vc_row]\n<\/div>","protected":false},"excerpt":{"rendered":"<p>[vc_row fullwidth=&#8220;true&#8220; padding=&#8220;0&#8243;][vc_column][mk_page_title_box section_height=&#8220;600&#8243; bg_image=&#8220;https:\/\/limburger-courses.com\/wp-content\/uploads\/2020\/05\/header_hubbelrath-gro.jpg&#8220; bg_image_portrait=&#8220;https:\/\/limburger-courses.com\/wp-content\/uploads\/2020\/05\/header_hubbelrath-gro.jpg&#8220; bg_position=&#8220;center center&#8220; bg_repeat=&#8220;no-repeat&#8220; bg_stretch=&#8220;true&#8220; bg_effects=&#8220;parallax&#8220; font_size=&#8220;24&#8243; title_letter_spacing=&#8220;6&#8243; font_color=&#8220;#ffffff&#8220; underline=&#8220;false&#8220;][\/vc_column][\/vc_row][vc_row][vc_column][vc_column_text][\/vc_column_text][\/vc_column][\/vc_row][vc_row padding=&#8220;0&#8243;][vc_column][mk_padding_divider size=&#8220;20&#8243;][mk_dropcaps style=&#8220;fancy-style&#8220;]E[\/mk_dropcaps][vc_column_text css=&#8220;.vc_custom_1574115775878{margin-bottom: 0px !important;}&#8220;] in Panorama der Superlative, zwei sehr anspruchsvolle Golfpl\u00e4tze, reger Spiel- und Turnierbetrieb und eine rundum angenehme Atmosph\u00e4re \u2013 das ist der Golf Club Hubbelrath. Unsere Anlage liegt rund 8 km von der City entfernt [&hellip;]<\/p>\n","protected":false},"author":1,"featured_media":0,"parent":0,"menu_order":0,"comment_status":"closed","ping_status":"closed","template":"","meta":{"rs_blank_template":"","rs_page_bg_color":"","slide_template_v7":"","footnotes":""},"class_list":["post-6038","page","type-page","status-publish","hentry"],"_links":{"self":[{"href":"https:\/\/limburger-courses.com\/index.php?rest_route=\/wp\/v2\/pages\/6038","targetHints":{"allow":["GET"]}}],"collection":[{"href":"https:\/\/limburger-courses.com\/index.php?rest_route=\/wp\/v2\/pages"}],"about":[{"href":"https:\/\/limburger-courses.com\/index.php?rest_route=\/wp\/v2\/types\/page"}],"author":[{"embeddable":true,"href":"https:\/\/limburger-courses.com\/index.php?rest_route=\/wp\/v2\/users\/1"}],"replies":[{"embeddable":true,"href":"https:\/\/limburger-courses.com\/index.php?rest_route=%2Fwp%2Fv2%2Fcomments&post=6038"}],"version-history":[{"count":10,"href":"https:\/\/limburger-courses.com\/index.php?rest_route=\/wp\/v2\/pages\/6038\/revisions"}],"predecessor-version":[{"id":6494,"href":"https:\/\/limburger-courses.com\/index.php?rest_route=\/wp\/v2\/pages\/6038\/revisions\/6494"}],"wp:attachment":[{"href":"https:\/\/limburger-courses.com\/index.php?rest_route=%2Fwp%2Fv2%2Fmedia&parent=6038"}],"curies":[{"name":"wp","href":"https:\/\/api.w.org\/{rel}","templated":true}]}}