{"id":6222,"date":"2020-05-03T14:52:46","date_gmt":"2020-05-03T14:52:46","guid":{"rendered":"http:\/\/limburger-courses.com\/?page_id=6222"},"modified":"2021-03-09T16:57:58","modified_gmt":"2021-03-09T16:57:58","slug":"seine-philosophie-2","status":"publish","type":"page","link":"https:\/\/limburger-courses.com\/?page_id=6222","title":{"rendered":"Seine Philosophie"},"content":{"rendered":"<div class=\"wpb-content-wrapper\">[vc_row fullwidth=&#8220;true&#8220; padding=&#8220;0&#8243;][vc_column][mk_page_title_box section_height=&#8220;450&#8243; bg_image=&#8220;https:\/\/limburger-courses.com\/wp-content\/uploads\/2020\/01\/bahn-11b.jpg&#8220; bg_position=&#8220;center center&#8220; bg_stretch=&#8220;true&#8220; bg_effects=&#8220;parallax&#8220; font_size=&#8220;24&#8243; title_letter_spacing=&#8220;6&#8243; font_color=&#8220;#ffffff&#8220; underline=&#8220;false&#8220;][\/vc_column][\/vc_row][vc_row][vc_column][\/vc_column][\/vc_row][vc_row][vc_column][\/vc_column][\/vc_row][vc_row][vc_column][mk_padding_divider size=&#8220;60&#8243;][mk_fancy_title color=&#8220;#393836&#8243; size=&#8220;18&#8243; letter_spacing=&#8220;3&#8243; margin_bottom=&#8220;0&#8243; font_family=&#8220;none&#8220;]Seine Design-Philosophie[\/mk_fancy_title][mk_divider style=&#8220;thin_solid&#8220; divider_width=&#8220;custom_width&#8220; custom_width=&#8220;50&#8243; align=&#8220;left&#8220; thickness=&#8220;3&#8243;][vc_column_text disable_pattern=&#8220;false&#8220; css=&#8220;.vc_custom_1615308873861{margin-bottom: 0px !important;}&#8220;]Dr. von Limburger hatte eine klare Design-Philosophie. Seine Vorbilder waren die besten englischen Golfarchitekten wie Harry Colt und Alister MacKenzie. Auch heute noch ist die Handschrift von Dr. von Limburger auf vielen der von ihm entworfenen Pl\u00e4tze erkennbar.[\/vc_column_text][\/vc_column][\/vc_row][vc_row][vc_column width=&#8220;2\/3&#8243;][vc_single_image image=&#8220;5922&#8243; img_size=&#8220;large&#8220; onclick=&#8220;link_image&#8220;][\/vc_column][vc_column width=&#8220;1\/3&#8243;][vc_column_text disable_pattern=&#8220;false&#8220; css=&#8220;.vc_custom_1615198361146{margin-bottom: 0px !important;}&#8220;]\n<h4>1. Exzellente Platz-Layouts<\/h4>\n<p style=\"text-align: justify;\">Limburger-Pl\u00e4tze haben abwechslungsreiche Layouts, die von Spielbahnen mit unterschiedlichen L\u00e4ngen und Spielrichtungen gepr\u00e4gt sind. Die Wege vom Gr\u00fcn zum n\u00e4chsten Tee sind kurz. Die Bahnen f\u00fcgen sich nat\u00fcrlich in die vorhandene Landschaft ein und besondere landschaftliche Merkmale wie Anh\u00f6hen hat Dr. von Limburger geschickt ausgenutzt, um interessante Bahnen mit hohem Wiedererkennungswert zu schaffen. Au\u00dferdem hat er h\u00e4ufig Teilrunden von maximal 9 Bahnen geschaffen, die am Clubhaus starten und enden. Das nebenstehend abgebildete Layout von K\u00f6ln-Refrath ist ein besonders gutes Beispiel f\u00fcr ein Limburger-Layout, denn es weist praktisch alle der beschriebenen Eigenschaften auf.<\/p>\n[\/vc_column_text][\/vc_column][\/vc_row][vc_row][vc_column width=&#8220;2\/3&#8243;][vc_single_image image=&#8220;5923&#8243; img_size=&#8220;large&#8220; onclick=&#8220;link_image&#8220;][\/vc_column][vc_column width=&#8220;1\/3&#8243;][vc_column_text disable_pattern=&#8220;false&#8220; css=&#8220;.vc_custom_1615198703857{margin-bottom: 0px !important;}&#8220;]\n<h4>2. Spielbare interessante Gr\u00fcns<\/h4>\n<p style=\"text-align: justify;\">Dr. von Limburger folgte beim Design seiner Gr\u00fcns einer ganz klaren Philosophie: Seine Gr\u00fcns weisen in weiten Teilen eher geringe H\u00f6henunterschiede mit recht zur\u00fcckgenommenen Ondulierungen auf. Die leichten Breaks sind h\u00e4ufig schwieriger zu lesen als man denkt. Dennoch ist es auch schw\u00e4cheren Spielern in der Regel m\u00f6glich, mit maximal 2 Putts einzulochen. An den Gr\u00fcnr\u00e4ndern haben Limburger-Gr\u00fcns in der Regel zwei oder drei deutliche Erhebungen, die vor allem das Chippen und Pitchen interessant machen. Das hier beschriebene typische Limburger-Gr\u00fcn-Design findet sich in den meisten seiner Gr\u00fcns und ist beispielhaft im nebenstehenden Plan des Gr\u00fcns 11 des GC Schloss Braunfels zu erkennen<\/p>\n[\/vc_column_text][\/vc_column][\/vc_row][vc_row][vc_column width=&#8220;2\/3&#8243;][vc_single_image image=&#8220;6396&#8243; img_size=&#8220;large&#8220; onclick=&#8220;link_image&#8220;][\/vc_column][vc_column width=&#8220;1\/3&#8243;][vc_column_text disable_pattern=&#8220;false&#8220; css=&#8220;.vc_custom_1615198988032{margin-bottom: 0px !important;}&#8220;]\n<h4>3. Bunker<\/h4>\n<p style=\"text-align: justify;\">Das wesentliche Kennzeichen von Limburger-Bunkern ist die asymmetrische Verteidigung von Gr\u00fcns und Fairways. Wenn ein Gr\u00fcn symmetrisch verteidigt wird, beispielsweise durch einen linken und einen rechten Gr\u00fcn-Bunker auf gleicher H\u00f6he, kann man fast sicher sein, dass es sich nicht um originale Limburger-Bunker handelt. Au\u00dferdem hat Dr. von Limburger Bunker grunds\u00e4tzlich mit Sandb\u00f6schung gebaut. Nebenstehend sieht man ein Foto eines typischen Limburger-Bunkers auf dem Golfplatz Garlstedter Heide des Golfclubs zur Vahr.<\/p>\n[\/vc_column_text][\/vc_column][\/vc_row][vc_row][vc_column width=&#8220;2\/3&#8243;][vc_single_image image=&#8220;6252&#8243; img_size=&#8220;large&#8220; onclick=&#8220;link_image&#8220;][\/vc_column][vc_column width=&#8220;1\/3&#8243;][vc_column_text disable_pattern=&#8220;false&#8220; css=&#8220;.vc_custom_1615200146813{margin-bottom: 0px !important;}&#8220;]\n<h4>4. Nur nat\u00fcrliche Wasserhindernisse<\/h4>\n<p style=\"text-align: justify;\">Dr. von Limburger hat seine Pl\u00e4tze sehr harmonisch in die vorhandene Landschaft eingef\u00fcgt. Dies gilt auch f\u00fcr Wasserhindernisse. Wenn es auf der Fl\u00e4che bereits ein nat\u00fcrliches Gew\u00e4sser gab, hat er dieses geschickt in die Spielbahnen integriert. Dies gilt insbesondere f\u00fcr Bachl\u00e4ufe. Wenn Teiche oder Seen vorhanden waren, hat er diese nicht als frontale, sondern als seitliche Wasserhindernisse in die Spielbahnen integriert. Dr. von Limburger hat in der Regel keine k\u00fcnstlichen Wasserhindernisse angelegt.<\/p>\n[\/vc_column_text][\/vc_column][\/vc_row][vc_row][vc_column width=&#8220;2\/3&#8243;][vc_single_image image=&#8220;6285&#8243; img_size=&#8220;large&#8220; onclick=&#8220;link_image&#8220;][\/vc_column][vc_column width=&#8220;1\/3&#8243;][vc_column_text disable_pattern=&#8220;false&#8220; css=&#8220;.vc_custom_1615309027838{margin-bottom: 0px !important;}&#8220;]\n<h4>5. Breite Fairways<\/h4>\n<p style=\"text-align: justify;\">Limburger hat breite Fairways entworfen, damit der Spieler taktische Optionen hat. Eine strategische Golfbahn ist so gestaltet, dass es eine gut verteidigte Ideallinie sowie eine weniger gut verteidigte, allerdings l\u00e4ngere Spiellinie zum Loch gibt. Nur wenn ein Fairway eine ausreichende Breite hat, stehen dem Spieler alternative Spielrouten offen. Ein schmales Fairway reduziert die strategischen Optionen der\u00a0Spieler. Breite Fairways machen Spielbahnen insbesondere auch f\u00fcr schw\u00e4chere Spieler spielbar.<\/p>\n[\/vc_column_text][\/vc_column][\/vc_row][vc_row][vc_column][\/vc_column][\/vc_row][vc_row][vc_column][mk_padding_divider][\/vc_column][\/vc_row][vc_row][vc_column][vc_column_text css=&#8220;.vc_custom_1615309066175{margin-bottom: 0px !important;}&#8220;]\u00a9 Diese Inhalte wurden von Dr. Hendrik Hilgert von Infinite Variety Golf Deutschland GmbH erstellt und unterliegen dem deutschen Urheberrecht. Die Vervielf\u00e4ltigung, Bearbeitung, Verbreitung und jede Art der Verwertung au\u00dferhalb der Grenzen des Urheberrechtes bed\u00fcrfen der schriftlichen Zustimmung.[\/vc_column_text][\/vc_column][\/vc_row]\n<\/div>","protected":false},"excerpt":{"rendered":"<p>[vc_row fullwidth=&#8220;true&#8220; padding=&#8220;0&#8243;][vc_column][mk_page_title_box section_height=&#8220;450&#8243; bg_image=&#8220;https:\/\/limburger-courses.com\/wp-content\/uploads\/2020\/01\/bahn-11b.jpg&#8220; bg_position=&#8220;center center&#8220; bg_stretch=&#8220;true&#8220; bg_effects=&#8220;parallax&#8220; font_size=&#8220;24&#8243; title_letter_spacing=&#8220;6&#8243; font_color=&#8220;#ffffff&#8220; underline=&#8220;false&#8220;][\/vc_column][\/vc_row][vc_row][vc_column][\/vc_column][\/vc_row][vc_row][vc_column][\/vc_column][\/vc_row][vc_row][vc_column][mk_padding_divider size=&#8220;60&#8243;][mk_fancy_title color=&#8220;#393836&#8243; size=&#8220;18&#8243; letter_spacing=&#8220;3&#8243; margin_bottom=&#8220;0&#8243; font_family=&#8220;none&#8220;]Seine Design-Philosophie[\/mk_fancy_title][mk_divider style=&#8220;thin_solid&#8220; divider_width=&#8220;custom_width&#8220; custom_width=&#8220;50&#8243; align=&#8220;left&#8220; thickness=&#8220;3&#8243;][vc_column_text disable_pattern=&#8220;false&#8220; css=&#8220;.vc_custom_1615308873861{margin-bottom: 0px !important;}&#8220;]Dr. von Limburger hatte eine klare Design-Philosophie. Seine Vorbilder waren die besten englischen Golfarchitekten wie Harry Colt und Alister MacKenzie. Auch heute noch ist die Handschrift von [&hellip;]<\/p>\n","protected":false},"author":1,"featured_media":0,"parent":0,"menu_order":0,"comment_status":"open","ping_status":"open","template":"","meta":{"rs_blank_template":"","rs_page_bg_color":"","slide_template_v7":"","footnotes":""},"class_list":["post-6222","page","type-page","status-publish","hentry"],"_links":{"self":[{"href":"https:\/\/limburger-courses.com\/index.php?rest_route=\/wp\/v2\/pages\/6222","targetHints":{"allow":["GET"]}}],"collection":[{"href":"https:\/\/limburger-courses.com\/index.php?rest_route=\/wp\/v2\/pages"}],"about":[{"href":"https:\/\/limburger-courses.com\/index.php?rest_route=\/wp\/v2\/types\/page"}],"author":[{"embeddable":true,"href":"https:\/\/limburger-courses.com\/index.php?rest_route=\/wp\/v2\/users\/1"}],"replies":[{"embeddable":true,"href":"https:\/\/limburger-courses.com\/index.php?rest_route=%2Fwp%2Fv2%2Fcomments&post=6222"}],"version-history":[{"count":32,"href":"https:\/\/limburger-courses.com\/index.php?rest_route=\/wp\/v2\/pages\/6222\/revisions"}],"predecessor-version":[{"id":6454,"href":"https:\/\/limburger-courses.com\/index.php?rest_route=\/wp\/v2\/pages\/6222\/revisions\/6454"}],"wp:attachment":[{"href":"https:\/\/limburger-courses.com\/index.php?rest_route=%2Fwp%2Fv2%2Fmedia&parent=6222"}],"curies":[{"name":"wp","href":"https:\/\/api.w.org\/{rel}","templated":true}]}}