{"id":6332,"date":"2020-05-26T20:44:23","date_gmt":"2020-05-26T20:44:23","guid":{"rendered":"http:\/\/limburger-courses.com\/?page_id=6332"},"modified":"2021-07-27T05:41:35","modified_gmt":"2021-07-27T05:41:35","slug":"ueber-uns-ii","status":"publish","type":"page","link":"https:\/\/limburger-courses.com\/","title":{"rendered":"\u00dcber uns"},"content":{"rendered":"<div class=\"wpb-content-wrapper\">[vc_row][vc_column][mk_padding_divider size=&#8220;60&#8243;][\/vc_column][\/vc_row][vc_row][vc_column]        <div class=\"wpex horizontal-timeline wpex-horizontal-full-width  tl-ct-left no-arr-top show-all-items\" data-layout=\"horizontal\" data-autoplay=\"1\" data-speed=\"5000\" data-rtl=\"\" id=\"horizontal-tl-3959\" data-id=\"horizontal-tl-3959\" data-slidesshow=\"10\" data-arrowpos=\"\" data-center=\"left\" data-start_on=\"1\" data-count=\"10\" data-infinite=\"yes\">\r\n        \t            <div class=\"hor-container\">\r\n            <span class=\"timeline-hr\"><\/span>\r\n            <span class=\"timeline-pos-select\"><\/span>\r\n            <ul class=\"horizontal-nav\">\r\n\t\t\t\t                    <li class=\"ictl-6324\">\r\n                    \t<span class=\"tl-point\">1927<i class=\"fa fa-circle no-icon\"><\/i><\/span>\r\n                    \t                    <\/li>\r\n                                    <li class=\"ictl-6500\">\r\n                    \t<span class=\"tl-point\">1929<i class=\"fa fa-circle no-icon\"><\/i><\/span>\r\n                    \t                    <\/li>\r\n                                    <li class=\"ictl-6315\">\r\n                    \t<span class=\"tl-point\">1952<i class=\"fa fa-circle no-icon\"><\/i><\/span>\r\n                    \t                    <\/li>\r\n                                    <li class=\"ictl-6317\">\r\n                    \t<span class=\"tl-point\">1958<i class=\"fa fa-circle no-icon\"><\/i><\/span>\r\n                    \t                    <\/li>\r\n                                    <li class=\"ictl-6557\">\r\n                    \t<span class=\"tl-point\">1959<i class=\"fa fa-circle no-icon\"><\/i><\/span>\r\n                    \t                    <\/li>\r\n                                    <li class=\"ictl-6498\">\r\n                    \t<span class=\"tl-point\">1960<i class=\"fa fa-circle no-icon\"><\/i><\/span>\r\n                    \t                    <\/li>\r\n                                    <li class=\"ictl-6322\">\r\n                    \t<span class=\"tl-point\">1961<i class=\"fa fa-circle no-icon\"><\/i><\/span>\r\n                    \t                    <\/li>\r\n                                    <li class=\"ictl-6316\">\r\n                    \t<span class=\"tl-point\">1963<i class=\"fa fa-circle no-icon\"><\/i><\/span>\r\n                    \t                    <\/li>\r\n                                    <li class=\"ictl-6325\">\r\n                    \t<span class=\"tl-point\">1968<i class=\"fa fa-circle no-icon\"><\/i><\/span>\r\n                    \t                    <\/li>\r\n                                    <li class=\"ictl-6499\">\r\n                    \t<span class=\"tl-point\">1971<i class=\"fa fa-circle no-icon\"><\/i><\/span>\r\n                    \t                    <\/li>\r\n                            <\/ul>\r\n            <\/div>\r\n                        <ul class=\"horizontal-content\">\r\n                    <li class=\"post-6324 wp-timeline type-wp-timeline status-publish has-post-thumbnail hentry wptl-customlink\" id=\"6324!\" >\r\n        <div class=\"wpex-timeline-label\">\r\n        \t\t\t\t<div class=\"timeline-media\">\r\n\t\t\t\t\t<a href=\"http:\/\/limburger-courses.com\/?page_id=6029\" title=\"Golf-Klub Braunschweig\">\r\n\t\t\t\t\t<img loading=\"lazy\" decoding=\"async\" width=\"1852\" height=\"1080\" src=\"https:\/\/limburger-courses.com\/wp-content\/uploads\/2020\/05\/header_braunschweig-gro.jpg\" class=\"attachment-full size-full wp-post-image\" alt=\"\" srcset=\"https:\/\/limburger-courses.com\/wp-content\/uploads\/2020\/05\/header_braunschweig-gro.jpg 1852w, https:\/\/limburger-courses.com\/wp-content\/uploads\/2020\/05\/header_braunschweig-gro-300x175.jpg 300w, https:\/\/limburger-courses.com\/wp-content\/uploads\/2020\/05\/header_braunschweig-gro-1024x597.jpg 1024w, https:\/\/limburger-courses.com\/wp-content\/uploads\/2020\/05\/header_braunschweig-gro-768x448.jpg 768w, https:\/\/limburger-courses.com\/wp-content\/uploads\/2020\/05\/header_braunschweig-gro-1536x896.jpg 1536w\" sizes=\"auto, (max-width: 1852px) 100vw, 1852px\" itemprop=\"image\" \/>\t\t\t\t\t<span class=\"bg-opacity\"><\/span>\r\n\t\t\t\t\t<\/a>\r\n\t\t\t\t<\/div>\r\n\t\t\t        <div class=\"timeline-details\">\r\n        \t<h2>\r\n            \t<span>1927 - <\/span>                <a href=\"http:\/\/limburger-courses.com\/?page_id=6029\" title=\"Golf-Klub Braunschweig\">\r\n\t\t\t\t\tGolf-Klub Braunschweig                <\/a>\r\n            <\/h2>\r\n                        <div class=\"hidden-date\">1927<\/div>\r\n                        <div class=\"wptl-excerpt\">\r\n\t\t\t            <\/div>\r\n                        <div class=\"wptl-readmore\"><a href=\"http:\/\/limburger-courses.com\/?page_id=6029\" title=\"Golf-Klub Braunschweig\">Weiterlesen <i class=\"fa fa-long-arrow-right\" aria-hidden=\"true\"><\/i><\/a><\/div>\r\n            <div class=\"exclearfix\"><\/div>\r\n                    <\/div>\r\n        <div class=\"exclearfix\"><\/div>\r\n    <\/div>\r\n<\/li>                    <li class=\"post-6500 wp-timeline type-wp-timeline status-publish has-post-thumbnail hentry wptl-customlink\" id=\"6500!\" >\r\n        <div class=\"wpex-timeline-label\">\r\n        \t\t\t\t<div class=\"timeline-media\">\r\n\t\t\t\t\t<a href=\"https:\/\/limburger-courses.com\/?page_id=6401\" title=\"Land- und Golfclub Werdenfels\">\r\n\t\t\t\t\t<img loading=\"lazy\" decoding=\"async\" width=\"1920\" height=\"1080\" src=\"https:\/\/limburger-courses.com\/wp-content\/uploads\/2021\/03\/werdenfels-4.gif\" class=\"attachment-full size-full wp-post-image\" alt=\"\" itemprop=\"image\" \/>\t\t\t\t\t<span class=\"bg-opacity\"><\/span>\r\n\t\t\t\t\t<\/a>\r\n\t\t\t\t<\/div>\r\n\t\t\t        <div class=\"timeline-details\">\r\n        \t<h2>\r\n            \t<span>1929 - <\/span>                <a href=\"https:\/\/limburger-courses.com\/?page_id=6401\" title=\"Land- und Golfclub Werdenfels\">\r\n\t\t\t\t\tLand- und Golfclub Werdenfels                <\/a>\r\n            <\/h2>\r\n                        <div class=\"hidden-date\">1929<\/div>\r\n                        <div class=\"wptl-excerpt\">\r\n\t\t\t            <\/div>\r\n                        <div class=\"wptl-readmore\"><a href=\"https:\/\/limburger-courses.com\/?page_id=6401\" title=\"Land- und Golfclub Werdenfels\">Weiterlesen <i class=\"fa fa-long-arrow-right\" aria-hidden=\"true\"><\/i><\/a><\/div>\r\n            <div class=\"exclearfix\"><\/div>\r\n                    <\/div>\r\n        <div class=\"exclearfix\"><\/div>\r\n    <\/div>\r\n<\/li>                    <li class=\"post-6315 wp-timeline type-wp-timeline status-publish has-post-thumbnail hentry wptl-customlink\" id=\"6315!\" >\r\n        <div class=\"wpex-timeline-label\">\r\n        \t\t\t\t<div class=\"timeline-media\">\r\n\t\t\t\t\t<a href=\"http:\/\/limburger-courses.com\/?page_id=5782\" title=\"Golf- und Land-Club K\u00f6ln\">\r\n\t\t\t\t\t<img loading=\"lazy\" decoding=\"async\" width=\"1140\" height=\"684\" src=\"https:\/\/limburger-courses.com\/wp-content\/uploads\/2019\/09\/header_glc.jpg\" class=\"attachment-full size-full wp-post-image\" alt=\"\" srcset=\"https:\/\/limburger-courses.com\/wp-content\/uploads\/2019\/09\/header_glc.jpg 1140w, https:\/\/limburger-courses.com\/wp-content\/uploads\/2019\/09\/header_glc-300x180.jpg 300w, https:\/\/limburger-courses.com\/wp-content\/uploads\/2019\/09\/header_glc-768x461.jpg 768w, https:\/\/limburger-courses.com\/wp-content\/uploads\/2019\/09\/header_glc-1024x614.jpg 1024w\" sizes=\"auto, (max-width: 1140px) 100vw, 1140px\" itemprop=\"image\" \/>\t\t\t\t\t<span class=\"bg-opacity\"><\/span>\r\n\t\t\t\t\t<\/a>\r\n\t\t\t\t<\/div>\r\n\t\t\t        <div class=\"timeline-details\">\r\n        \t<h2>\r\n            \t<span>1952 - <\/span>                <a href=\"http:\/\/limburger-courses.com\/?page_id=5782\" title=\"Golf- und Land-Club K\u00f6ln\">\r\n\t\t\t\t\tGolf- und Land-Club K\u00f6ln                <\/a>\r\n            <\/h2>\r\n                        <div class=\"hidden-date\">1952<\/div>\r\n                        <div class=\"wptl-excerpt\">\r\n\t\t\t            <\/div>\r\n                        <div class=\"wptl-readmore\"><a href=\"http:\/\/limburger-courses.com\/?page_id=5782\" title=\"Golf- und Land-Club K\u00f6ln\">Weiterlesen <i class=\"fa fa-long-arrow-right\" aria-hidden=\"true\"><\/i><\/a><\/div>\r\n            <div class=\"exclearfix\"><\/div>\r\n                    <\/div>\r\n        <div class=\"exclearfix\"><\/div>\r\n    <\/div>\r\n<\/li>                    <li class=\"post-6317 wp-timeline type-wp-timeline status-publish has-post-thumbnail hentry wptl-customlink\" id=\"6317!\" >\r\n        <div class=\"wpex-timeline-label\">\r\n        \t\t\t\t<div class=\"timeline-media\">\r\n\t\t\t\t\t<a href=\"http:\/\/limburger-courses.com\/?page_id=5997\" title=\"Golfclub Kassel-Wilhelmsh\u00f6he\">\r\n\t\t\t\t\t<img loading=\"lazy\" decoding=\"async\" width=\"1620\" height=\"1080\" src=\"https:\/\/limburger-courses.com\/wp-content\/uploads\/2020\/05\/header_kassel-gro.jpg\" class=\"attachment-full size-full wp-post-image\" alt=\"\" srcset=\"https:\/\/limburger-courses.com\/wp-content\/uploads\/2020\/05\/header_kassel-gro.jpg 1620w, https:\/\/limburger-courses.com\/wp-content\/uploads\/2020\/05\/header_kassel-gro-300x200.jpg 300w, https:\/\/limburger-courses.com\/wp-content\/uploads\/2020\/05\/header_kassel-gro-1024x683.jpg 1024w, https:\/\/limburger-courses.com\/wp-content\/uploads\/2020\/05\/header_kassel-gro-768x512.jpg 768w, https:\/\/limburger-courses.com\/wp-content\/uploads\/2020\/05\/header_kassel-gro-1536x1024.jpg 1536w\" sizes=\"auto, (max-width: 1620px) 100vw, 1620px\" itemprop=\"image\" \/>\t\t\t\t\t<span class=\"bg-opacity\"><\/span>\r\n\t\t\t\t\t<\/a>\r\n\t\t\t\t<\/div>\r\n\t\t\t        <div class=\"timeline-details\">\r\n        \t<h2>\r\n            \t<span>1958 - <\/span>                <a href=\"http:\/\/limburger-courses.com\/?page_id=5997\" title=\"Golfclub Kassel-Wilhelmsh\u00f6he\">\r\n\t\t\t\t\tGolfclub Kassel-Wilhelmsh\u00f6he                <\/a>\r\n            <\/h2>\r\n                        <div class=\"hidden-date\">1958<\/div>\r\n                        <div class=\"wptl-excerpt\">\r\n\t\t\t            <\/div>\r\n                        <div class=\"wptl-readmore\"><a href=\"http:\/\/limburger-courses.com\/?page_id=5997\" title=\"Golfclub Kassel-Wilhelmsh\u00f6he\">Weiterlesen <i class=\"fa fa-long-arrow-right\" aria-hidden=\"true\"><\/i><\/a><\/div>\r\n            <div class=\"exclearfix\"><\/div>\r\n                    <\/div>\r\n        <div class=\"exclearfix\"><\/div>\r\n    <\/div>\r\n<\/li>                    <li class=\"post-6557 wp-timeline type-wp-timeline status-publish has-post-thumbnail hentry wptl-customlink\" id=\"6557!\" >\r\n        <div class=\"wpex-timeline-label\">\r\n        \t\t\t\t<div class=\"timeline-media\">\r\n\t\t\t\t\t<a href=\"https:\/\/limburger-courses.com\/?page_id=6538\" title=\"Golf Club Lohersand e.V.\">\r\n\t\t\t\t\t<img loading=\"lazy\" decoding=\"async\" width=\"2560\" height=\"1058\" src=\"https:\/\/limburger-courses.com\/wp-content\/uploads\/2021\/07\/lohersand_vs85565-pano-scaled.jpg\" class=\"attachment-full size-full wp-post-image\" alt=\"\" srcset=\"https:\/\/limburger-courses.com\/wp-content\/uploads\/2021\/07\/lohersand_vs85565-pano-scaled.jpg 2560w, https:\/\/limburger-courses.com\/wp-content\/uploads\/2021\/07\/lohersand_vs85565-pano-scaled-300x124.jpg 300w, https:\/\/limburger-courses.com\/wp-content\/uploads\/2021\/07\/lohersand_vs85565-pano-scaled-1024x423.jpg 1024w, https:\/\/limburger-courses.com\/wp-content\/uploads\/2021\/07\/lohersand_vs85565-pano-768x318.jpg 768w, https:\/\/limburger-courses.com\/wp-content\/uploads\/2021\/07\/lohersand_vs85565-pano-1536x635.jpg 1536w, https:\/\/limburger-courses.com\/wp-content\/uploads\/2021\/07\/lohersand_vs85565-pano-2048x847.jpg 2048w\" sizes=\"auto, (max-width: 2560px) 100vw, 2560px\" itemprop=\"image\" \/>\t\t\t\t\t<span class=\"bg-opacity\"><\/span>\r\n\t\t\t\t\t<\/a>\r\n\t\t\t\t<\/div>\r\n\t\t\t        <div class=\"timeline-details\">\r\n        \t<h2>\r\n            \t<span>1959 - <\/span>                <a href=\"https:\/\/limburger-courses.com\/?page_id=6538\" title=\"Golf Club Lohersand e.V.\">\r\n\t\t\t\t\tGolf Club Lohersand e.V.                <\/a>\r\n            <\/h2>\r\n                        <div class=\"hidden-date\">1959<\/div>\r\n                        <div class=\"wptl-excerpt\">\r\n\t\t\t            <\/div>\r\n                        <div class=\"wptl-readmore\"><a href=\"https:\/\/limburger-courses.com\/?page_id=6538\" title=\"Golf Club Lohersand e.V.\">Weiterlesen <i class=\"fa fa-long-arrow-right\" aria-hidden=\"true\"><\/i><\/a><\/div>\r\n            <div class=\"exclearfix\"><\/div>\r\n                    <\/div>\r\n        <div class=\"exclearfix\"><\/div>\r\n    <\/div>\r\n<\/li>                    <li class=\"post-6498 wp-timeline type-wp-timeline status-publish has-post-thumbnail hentry wptl-customlink\" id=\"6498!\" >\r\n        <div class=\"wpex-timeline-label\">\r\n        \t\t\t\t<div class=\"timeline-media\">\r\n\t\t\t\t\t<a href=\"http:\/\/limburger-courses.com\/?page_id=6442\" title=\"Golf Club am Reichswald\">\r\n\t\t\t\t\t<img loading=\"lazy\" decoding=\"async\" width=\"1000\" height=\"460\" src=\"https:\/\/limburger-courses.com\/wp-content\/uploads\/2021\/03\/reichswald-header.jpg\" class=\"attachment-full size-full wp-post-image\" alt=\"\" srcset=\"https:\/\/limburger-courses.com\/wp-content\/uploads\/2021\/03\/reichswald-header.jpg 1000w, https:\/\/limburger-courses.com\/wp-content\/uploads\/2021\/03\/reichswald-header-300x138.jpg 300w, https:\/\/limburger-courses.com\/wp-content\/uploads\/2021\/03\/reichswald-header-768x353.jpg 768w\" sizes=\"auto, (max-width: 1000px) 100vw, 1000px\" itemprop=\"image\" \/>\t\t\t\t\t<span class=\"bg-opacity\"><\/span>\r\n\t\t\t\t\t<\/a>\r\n\t\t\t\t<\/div>\r\n\t\t\t        <div class=\"timeline-details\">\r\n        \t<h2>\r\n            \t<span>1960 - <\/span>                <a href=\"http:\/\/limburger-courses.com\/?page_id=6442\" title=\"Golf Club am Reichswald\">\r\n\t\t\t\t\tGolf Club am Reichswald                <\/a>\r\n            <\/h2>\r\n                        <div class=\"hidden-date\">1960<\/div>\r\n                        <div class=\"wptl-excerpt\">\r\n\t\t\t            <\/div>\r\n                        <div class=\"wptl-readmore\"><a href=\"http:\/\/limburger-courses.com\/?page_id=6442\" title=\"Golf Club am Reichswald\">Weiterlesen <i class=\"fa fa-long-arrow-right\" aria-hidden=\"true\"><\/i><\/a><\/div>\r\n            <div class=\"exclearfix\"><\/div>\r\n                    <\/div>\r\n        <div class=\"exclearfix\"><\/div>\r\n    <\/div>\r\n<\/li>                    <li class=\"post-6322 wp-timeline type-wp-timeline status-publish has-post-thumbnail hentry wptl-customlink\" id=\"6322!\" >\r\n        <div class=\"wpex-timeline-label\">\r\n        \t\t\t\t<div class=\"timeline-media\">\r\n\t\t\t\t\t<a href=\"http:\/\/limburger-courses.com\/?page_id=6038\" title=\"Golf Club Hubbelrath\">\r\n\t\t\t\t\t<img loading=\"lazy\" decoding=\"async\" width=\"1620\" height=\"1080\" src=\"https:\/\/limburger-courses.com\/wp-content\/uploads\/2020\/05\/header_hubbelrath-gro.jpg\" class=\"attachment-full size-full wp-post-image\" alt=\"\" srcset=\"https:\/\/limburger-courses.com\/wp-content\/uploads\/2020\/05\/header_hubbelrath-gro.jpg 1620w, https:\/\/limburger-courses.com\/wp-content\/uploads\/2020\/05\/header_hubbelrath-gro-300x200.jpg 300w, https:\/\/limburger-courses.com\/wp-content\/uploads\/2020\/05\/header_hubbelrath-gro-1024x683.jpg 1024w, https:\/\/limburger-courses.com\/wp-content\/uploads\/2020\/05\/header_hubbelrath-gro-768x512.jpg 768w, https:\/\/limburger-courses.com\/wp-content\/uploads\/2020\/05\/header_hubbelrath-gro-1536x1024.jpg 1536w\" sizes=\"auto, (max-width: 1620px) 100vw, 1620px\" itemprop=\"image\" \/>\t\t\t\t\t<span class=\"bg-opacity\"><\/span>\r\n\t\t\t\t\t<\/a>\r\n\t\t\t\t<\/div>\r\n\t\t\t        <div class=\"timeline-details\">\r\n        \t<h2>\r\n            \t<span>1961 - <\/span>                <a href=\"http:\/\/limburger-courses.com\/?page_id=6038\" title=\"Golf Club Hubbelrath\">\r\n\t\t\t\t\tGolf Club Hubbelrath                <\/a>\r\n            <\/h2>\r\n                        <div class=\"hidden-date\">1961<\/div>\r\n                        <div class=\"wptl-excerpt\">\r\n\t\t\t            <\/div>\r\n                        <div class=\"wptl-readmore\"><a href=\"http:\/\/limburger-courses.com\/?page_id=6038\" title=\"Golf Club Hubbelrath\">Weiterlesen <i class=\"fa fa-long-arrow-right\" aria-hidden=\"true\"><\/i><\/a><\/div>\r\n            <div class=\"exclearfix\"><\/div>\r\n                    <\/div>\r\n        <div class=\"exclearfix\"><\/div>\r\n    <\/div>\r\n<\/li>                    <li class=\"post-6316 wp-timeline type-wp-timeline status-publish has-post-thumbnail hentry wptl-customlink\" id=\"6316!\" >\r\n        <div class=\"wpex-timeline-label\">\r\n        \t\t\t\t<div class=\"timeline-media\">\r\n\t\t\t\t\t<a href=\"http:\/\/limburger-courses.com\/?page_id=6021\" title=\"Golf Club Ulm\">\r\n\t\t\t\t\t<img loading=\"lazy\" decoding=\"async\" width=\"1804\" height=\"1080\" src=\"https:\/\/limburger-courses.com\/wp-content\/uploads\/2020\/05\/header_ulm-gro.jpg\" class=\"attachment-full size-full wp-post-image\" alt=\"\" srcset=\"https:\/\/limburger-courses.com\/wp-content\/uploads\/2020\/05\/header_ulm-gro.jpg 1804w, https:\/\/limburger-courses.com\/wp-content\/uploads\/2020\/05\/header_ulm-gro-300x180.jpg 300w, https:\/\/limburger-courses.com\/wp-content\/uploads\/2020\/05\/header_ulm-gro-1024x613.jpg 1024w, https:\/\/limburger-courses.com\/wp-content\/uploads\/2020\/05\/header_ulm-gro-768x460.jpg 768w, https:\/\/limburger-courses.com\/wp-content\/uploads\/2020\/05\/header_ulm-gro-200x120.jpg 200w, https:\/\/limburger-courses.com\/wp-content\/uploads\/2020\/05\/header_ulm-gro-1536x920.jpg 1536w\" sizes=\"auto, (max-width: 1804px) 100vw, 1804px\" itemprop=\"image\" \/>\t\t\t\t\t<span class=\"bg-opacity\"><\/span>\r\n\t\t\t\t\t<\/a>\r\n\t\t\t\t<\/div>\r\n\t\t\t        <div class=\"timeline-details\">\r\n        \t<h2>\r\n            \t<span>1963 - <\/span>                <a href=\"http:\/\/limburger-courses.com\/?page_id=6021\" title=\"Golf Club Ulm\">\r\n\t\t\t\t\tGolf Club Ulm                <\/a>\r\n            <\/h2>\r\n                        <div class=\"hidden-date\">1963<\/div>\r\n                        <div class=\"wptl-excerpt\">\r\n\t\t\t            <\/div>\r\n                        <div class=\"wptl-readmore\"><a href=\"http:\/\/limburger-courses.com\/?page_id=6021\" title=\"Golf Club Ulm\">Weiterlesen <i class=\"fa fa-long-arrow-right\" aria-hidden=\"true\"><\/i><\/a><\/div>\r\n            <div class=\"exclearfix\"><\/div>\r\n                    <\/div>\r\n        <div class=\"exclearfix\"><\/div>\r\n    <\/div>\r\n<\/li>                    <li class=\"post-6325 wp-timeline type-wp-timeline status-publish has-post-thumbnail hentry wptl-customlink\" id=\"6325!\" >\r\n        <div class=\"wpex-timeline-label\">\r\n        \t\t\t\t<div class=\"timeline-media\">\r\n\t\t\t\t\t<a href=\"http:\/\/limburger-courses.com\/?page_id=5969\" title=\"Golf &#038; Country Club Basel\">\r\n\t\t\t\t\t<img loading=\"lazy\" decoding=\"async\" width=\"1920\" height=\"1080\" src=\"https:\/\/limburger-courses.com\/wp-content\/uploads\/2020\/05\/header_basel-gro.jpg\" class=\"attachment-full size-full wp-post-image\" alt=\"\" srcset=\"https:\/\/limburger-courses.com\/wp-content\/uploads\/2020\/05\/header_basel-gro.jpg 1920w, https:\/\/limburger-courses.com\/wp-content\/uploads\/2020\/05\/header_basel-gro-300x169.jpg 300w, https:\/\/limburger-courses.com\/wp-content\/uploads\/2020\/05\/header_basel-gro-1024x576.jpg 1024w, https:\/\/limburger-courses.com\/wp-content\/uploads\/2020\/05\/header_basel-gro-768x432.jpg 768w, https:\/\/limburger-courses.com\/wp-content\/uploads\/2020\/05\/header_basel-gro-1536x864.jpg 1536w, https:\/\/limburger-courses.com\/wp-content\/uploads\/2020\/05\/header_basel-gro-736x414.jpg 736w\" sizes=\"auto, (max-width: 1920px) 100vw, 1920px\" itemprop=\"image\" \/>\t\t\t\t\t<span class=\"bg-opacity\"><\/span>\r\n\t\t\t\t\t<\/a>\r\n\t\t\t\t<\/div>\r\n\t\t\t        <div class=\"timeline-details\">\r\n        \t<h2>\r\n            \t<span>1968 - <\/span>                <a href=\"http:\/\/limburger-courses.com\/?page_id=5969\" title=\"Golf &#038; Country Club Basel\">\r\n\t\t\t\t\tGolf &#038; Country Club Basel                <\/a>\r\n            <\/h2>\r\n                        <div class=\"hidden-date\">1968<\/div>\r\n                        <div class=\"wptl-excerpt\">\r\n\t\t\t            <\/div>\r\n                        <div class=\"wptl-readmore\"><a href=\"http:\/\/limburger-courses.com\/?page_id=5969\" title=\"Golf &#038; Country Club Basel\">Weiterlesen <i class=\"fa fa-long-arrow-right\" aria-hidden=\"true\"><\/i><\/a><\/div>\r\n            <div class=\"exclearfix\"><\/div>\r\n                    <\/div>\r\n        <div class=\"exclearfix\"><\/div>\r\n    <\/div>\r\n<\/li>                    <li class=\"post-6499 wp-timeline type-wp-timeline status-publish has-post-thumbnail hentry wptl-customlink\" id=\"6499!\" >\r\n        <div class=\"wpex-timeline-label\">\r\n        \t\t\t\t<div class=\"timeline-media\">\r\n\t\t\t\t\t<a href=\"https:\/\/limburger-courses.com\/?page_id=6425\" title=\"Golf-Club Schloss Braunfels\">\r\n\t\t\t\t\t<img loading=\"lazy\" decoding=\"async\" width=\"2504\" height=\"1181\" src=\"https:\/\/limburger-courses.com\/wp-content\/uploads\/2021\/03\/braunfels-header.jpg\" class=\"attachment-full size-full wp-post-image\" alt=\"\" srcset=\"https:\/\/limburger-courses.com\/wp-content\/uploads\/2021\/03\/braunfels-header.jpg 2504w, https:\/\/limburger-courses.com\/wp-content\/uploads\/2021\/03\/braunfels-header-300x141.jpg 300w, https:\/\/limburger-courses.com\/wp-content\/uploads\/2021\/03\/braunfels-header-1024x483.jpg 1024w, https:\/\/limburger-courses.com\/wp-content\/uploads\/2021\/03\/braunfels-header-768x362.jpg 768w, https:\/\/limburger-courses.com\/wp-content\/uploads\/2021\/03\/braunfels-header-1536x724.jpg 1536w, https:\/\/limburger-courses.com\/wp-content\/uploads\/2021\/03\/braunfels-header-2048x966.jpg 2048w\" sizes=\"auto, (max-width: 2504px) 100vw, 2504px\" itemprop=\"image\" \/>\t\t\t\t\t<span class=\"bg-opacity\"><\/span>\r\n\t\t\t\t\t<\/a>\r\n\t\t\t\t<\/div>\r\n\t\t\t        <div class=\"timeline-details\">\r\n        \t<h2>\r\n            \t<span>1971 - <\/span>                <a href=\"https:\/\/limburger-courses.com\/?page_id=6425\" title=\"Golf-Club Schloss Braunfels\">\r\n\t\t\t\t\tGolf-Club Schloss Braunfels                <\/a>\r\n            <\/h2>\r\n                        <div class=\"hidden-date\">1971<\/div>\r\n                        <div class=\"wptl-excerpt\">\r\n\t\t\t            <\/div>\r\n                        <div class=\"wptl-readmore\"><a href=\"https:\/\/limburger-courses.com\/?page_id=6425\" title=\"Golf-Club Schloss Braunfels\">Weiterlesen <i class=\"fa fa-long-arrow-right\" aria-hidden=\"true\"><\/i><\/a><\/div>\r\n            <div class=\"exclearfix\"><\/div>\r\n                    <\/div>\r\n        <div class=\"exclearfix\"><\/div>\r\n    <\/div>\r\n<\/li>                                <\/ul>\r\n                    <\/div>\r\n        [mk_padding_divider size=&#8220;60&#8243;][\/vc_column][\/vc_row][vc_row][vc_column width=&#8220;1\/2&#8243;][mk_padding_divider size=&#8220;60&#8243;][mk_blockquote style=&#8220;line-style&#8220; font_family=&#8220;none&#8220; font_size_combat=&#8220;true&#8220; text_size=&#8220;18&#8243;]<strong>Limburger Golf Courses<\/strong><\/p>\n<p>&nbsp;<\/p>\n<p>Wir sind eine Vereinigung von Golfclubs, deren Pl\u00e4tze von Dr. Bernhard von Limburger entworfen wurden.<\/p>\n<p style=\"margin-top: 20px;\">Dr. von Limburger ist der mit Abstand renommierteste und erfolgreichste deutsche Golfarchitekt und hat zwischen 1930 und 1980 ca. 75 Golfpl\u00e4tze vor allem in Deutschland, \u00d6sterreich und der Schweiz entworfen. Seine Golfpl\u00e4tze machen Spa\u00df, denn sie fordern jeden Spieler gem\u00e4\u00df seinen F\u00e4higkeiten heraus. Au\u00dferdem bestechen seine Pl\u00e4tze durch eine harmonische Einbindung in die jeweilige Landschaft. Mehrere Pl\u00e4tze von Dr. von Limburger waren Austragungsort der German Open oder anderer internationaler Meisterschaften.<\/p>\n<p style=\"margin-top: 20px;\">Wir freuen uns, dass Dr. von Limburger auch auf unseren Anlagen hervorragende Golfpl\u00e4tze geschaffen hat. Wir haben uns in dieser Vereinigung zusammengeschlossen, um das Werk von Dr. von Limburger auf unseren Pl\u00e4tzen und dar\u00fcber hinaus zu pflegen und zu erhalten.<\/p>\n[\/mk_blockquote][\/vc_column][vc_column width=&#8220;1\/2&#8243;][vc_single_image image=&#8220;5832&#8243; img_size=&#8220;full&#8220; alignment=&#8220;center&#8220; style=&#8220;vc_box_rounded&#8220;][\/vc_column][\/vc_row]\n<\/div>","protected":false},"excerpt":{"rendered":"<p>[vc_row][vc_column][mk_padding_divider size=&#8220;60&#8243;][\/vc_column][\/vc_row][vc_row][vc_column][mk_padding_divider size=&#8220;60&#8243;][\/vc_column][\/vc_row][vc_row][vc_column width=&#8220;1\/2&#8243;][mk_padding_divider size=&#8220;60&#8243;][mk_blockquote style=&#8220;line-style&#8220; font_family=&#8220;none&#8220; font_size_combat=&#8220;true&#8220; text_size=&#8220;18&#8243;]Limburger Golf Courses &nbsp; Wir sind eine Vereinigung von Golfclubs, deren Pl\u00e4tze von Dr. Bernhard von Limburger entworfen wurden. Dr. von Limburger ist der mit Abstand renommierteste und erfolgreichste deutsche Golfarchitekt und hat zwischen 1930 und 1980 ca. 75 Golfpl\u00e4tze vor allem in Deutschland, \u00d6sterreich und der [&hellip;]<\/p>\n","protected":false},"author":1,"featured_media":0,"parent":0,"menu_order":0,"comment_status":"open","ping_status":"open","template":"","meta":{"rs_blank_template":"","rs_page_bg_color":"","slide_template_v7":"","footnotes":""},"class_list":["post-6332","page","type-page","status-publish","hentry"],"_links":{"self":[{"href":"https:\/\/limburger-courses.com\/index.php?rest_route=\/wp\/v2\/pages\/6332","targetHints":{"allow":["GET"]}}],"collection":[{"href":"https:\/\/limburger-courses.com\/index.php?rest_route=\/wp\/v2\/pages"}],"about":[{"href":"https:\/\/limburger-courses.com\/index.php?rest_route=\/wp\/v2\/types\/page"}],"author":[{"embeddable":true,"href":"https:\/\/limburger-courses.com\/index.php?rest_route=\/wp\/v2\/users\/1"}],"replies":[{"embeddable":true,"href":"https:\/\/limburger-courses.com\/index.php?rest_route=%2Fwp%2Fv2%2Fcomments&post=6332"}],"version-history":[{"count":44,"href":"https:\/\/limburger-courses.com\/index.php?rest_route=\/wp\/v2\/pages\/6332\/revisions"}],"predecessor-version":[{"id":6560,"href":"https:\/\/limburger-courses.com\/index.php?rest_route=\/wp\/v2\/pages\/6332\/revisions\/6560"}],"wp:attachment":[{"href":"https:\/\/limburger-courses.com\/index.php?rest_route=%2Fwp%2Fv2%2Fmedia&parent=6332"}],"curies":[{"name":"wp","href":"https:\/\/api.w.org\/{rel}","templated":true}]}}