{"id":6401,"date":"2021-03-09T15:03:23","date_gmt":"2021-03-09T15:03:23","guid":{"rendered":"http:\/\/limburger-courses.com\/?page_id=6401"},"modified":"2021-03-12T12:36:26","modified_gmt":"2021-03-12T12:36:26","slug":"land-und-golfclub-werdenfels","status":"publish","type":"page","link":"https:\/\/limburger-courses.com\/?page_id=6401","title":{"rendered":"Land- und Golfclub Werdenfels"},"content":{"rendered":"<div class=\"wpb-content-wrapper\">[vc_row fullwidth=&#8220;true&#8220; padding=&#8220;0&#8243;][vc_column][mk_page_title_box section_height=&#8220;600&#8243; bg_image=&#8220;https:\/\/limburger-courses.com\/wp-content\/uploads\/2021\/03\/werdenfels.jpg&#8220; bg_image_portrait=&#8220;https:\/\/limburger-courses.com\/wp-content\/uploads\/2021\/03\/werdenfels.jpg&#8220; bg_position=&#8220;center center&#8220; bg_repeat=&#8220;no-repeat&#8220; bg_stretch=&#8220;true&#8220; bg_effects=&#8220;parallax&#8220; font_size=&#8220;24&#8243; title_letter_spacing=&#8220;6&#8243; font_color=&#8220;#ffffff&#8220; underline=&#8220;false&#8220;][\/vc_column][\/vc_row][vc_row][vc_column][vc_column_text][\/vc_column_text][\/vc_column][\/vc_row][vc_row padding=&#8220;0&#8243;][vc_column][mk_padding_divider size=&#8220;20&#8243;][mk_dropcaps style=&#8220;fancy-style&#8220;]D[\/mk_dropcaps][vc_column_text css=&#8220;.vc_custom_1615299003552{margin-bottom: 0px !important;}&#8220;]ie Golfanlage des Land- und Golfclubs Werdenfels liegt direkt vor den Toren von Garmisch-Partenkirchen. Die Anlage befindet sich im ehemaligen Park des Gutes Schwaigwang und unterhalb der Burgruine Werdenfels. Vom Golfplatz bietet sich ein traumhafter naher Blick auf die ringsum liegenden Berge und das erhaben aufsteigende Wettersteinmassiv mit Alpspitze und Zugspitze, das unseren G\u00e4sten immer wieder den Atem raubt. Nach Kriegsende wurde das Gel\u00e4nde von den Amerikanern \u00fcbernommen und unser Club erhielt sp\u00e4ter ein Mitbenutzungsrecht. Seit dem Jahr 2014 befindet sich der Golfplatz wieder in deutschen H\u00e4nden und wird vom Land-und Golfclub Werdenfels e.V betrieben. Zus\u00e4tzlich zu unserem 9-Loch-Platz verf\u00fcgen wir auch \u00fcber einen 3-Loch-Kurzplatz, eine Driving Range sowie zwei \u00dcbungsgr\u00fcns.[\/vc_column_text][mk_padding_divider size=&#8220;20&#8243;][mk_blockquote style=&#8220;line-style&#8220; font_family=&#8220;none&#8220; align=&#8220;left&#8220;]Als Dr. von Limburger den Platz in Werdenfels im Jahr 1929 entwarf, war dieser nicht nur einer der ersten Golfpl\u00e4tze in Bayern, sondern inbesondere auch einer der ersten Golfpl\u00e4tze aus der Feder von Dr. von Limburger, der zu diesem Zeitpunkt noch keine 30 Jahre alt war. Die meisten Vorkriegspl\u00e4tze von Dr. von Limburger existieren heute nicht mehr. Der Golfplatz in Werdenfels ist daher einer der ganz wenigen noch erhaltenen Limburger-Pl\u00e4tze aus dieser Periode. Zum Gl\u00fcck befinden sich noch viele der Bahnen in Werdenfels im Originalzustand. Beispielsweise sieht man auf dem historischen Foto aus dem Jahr 1931 den Blick \u00fcber das Gr\u00fcn 9 Richtung Zugspitze. Das Gr\u00fcn 9 ist bis heute praktisch unver\u00e4ndert und der Panoramablick macht auch heute noch eine Runde auf dem Golfplatz zu einem unvergesslichen Erlebnis.[\/mk_blockquote][mk_padding_divider][\/vc_column][\/vc_row][vc_row][vc_column][mk_slideshow_box images=&#8220;6414,6415,6416,6417,6418,6419&#8243; slideshow_speed=&#8220;5000&#8243; transition_speed=&#8220;3000&#8243; orderby=&#8220;title&#8220;][\/mk_slideshow_box][\/vc_column][\/vc_row][vc_row][vc_column width=&#8220;1\/2&#8243;][mk_padding_divider][vc_column_text css=&#8220;.vc_custom_1615552559836{margin-bottom: 0px !important;}&#8220;]Land- und Golfclub Werdenfels \u00a0| Werdenfelser Str. 2 |<br \/>\n82467 Garmisch-Partenkirchen<br \/>\n<a href=\"mailto:info@golfclub-werdenfels.de\">info@golfclub-werdenfels.de<\/a><br \/>\nTelefon: +49 (0)8821 94 56 70<br \/>\n<a href=\"https:\/\/www.garmisch-golf.club\" target=\"_blank\" rel=\"noopener noreferrer\">www.garmisch-golf.club<\/a><\/p>\n<p>Gr\u00fcndungsjahr: 1929<br \/>\nJahr der Platzer\u00f6ffnung: 1930<br \/>\nPlatzstatistiken: 9 Loch, Par 36, 2.932\/2.985m[\/vc_column_text][\/vc_column][vc_column width=&#8220;1\/2&#8243;][mk_padding_divider][vc_single_image image=&#8220;6466&#8243; img_size=&#8220;250&#215;250&#8243; alignment=&#8220;right&#8220; onclick=&#8220;custom_link&#8220; img_link_target=&#8220;_blank&#8220; link=&#8220;https:\/\/www.garmisch-golf.club\/&#8220;][\/vc_column][\/vc_row]\n<\/div>","protected":false},"excerpt":{"rendered":"<p>[vc_row fullwidth=&#8220;true&#8220; padding=&#8220;0&#8243;][vc_column][mk_page_title_box section_height=&#8220;600&#8243; bg_image=&#8220;https:\/\/limburger-courses.com\/wp-content\/uploads\/2021\/03\/werdenfels.jpg&#8220; bg_image_portrait=&#8220;https:\/\/limburger-courses.com\/wp-content\/uploads\/2021\/03\/werdenfels.jpg&#8220; bg_position=&#8220;center center&#8220; bg_repeat=&#8220;no-repeat&#8220; bg_stretch=&#8220;true&#8220; bg_effects=&#8220;parallax&#8220; font_size=&#8220;24&#8243; title_letter_spacing=&#8220;6&#8243; font_color=&#8220;#ffffff&#8220; underline=&#8220;false&#8220;][\/vc_column][\/vc_row][vc_row][vc_column][vc_column_text][\/vc_column_text][\/vc_column][\/vc_row][vc_row padding=&#8220;0&#8243;][vc_column][mk_padding_divider size=&#8220;20&#8243;][mk_dropcaps style=&#8220;fancy-style&#8220;]D[\/mk_dropcaps][vc_column_text css=&#8220;.vc_custom_1615299003552{margin-bottom: 0px !important;}&#8220;]ie Golfanlage des Land- und Golfclubs Werdenfels liegt direkt vor den Toren von Garmisch-Partenkirchen. Die Anlage befindet sich im ehemaligen Park des Gutes Schwaigwang und unterhalb der Burgruine Werdenfels. Vom Golfplatz bietet sich ein traumhafter [&hellip;]<\/p>\n","protected":false},"author":1,"featured_media":0,"parent":0,"menu_order":0,"comment_status":"closed","ping_status":"closed","template":"","meta":{"rs_blank_template":"","rs_page_bg_color":"","slide_template_v7":"","footnotes":""},"class_list":["post-6401","page","type-page","status-publish","hentry"],"_links":{"self":[{"href":"https:\/\/limburger-courses.com\/index.php?rest_route=\/wp\/v2\/pages\/6401","targetHints":{"allow":["GET"]}}],"collection":[{"href":"https:\/\/limburger-courses.com\/index.php?rest_route=\/wp\/v2\/pages"}],"about":[{"href":"https:\/\/limburger-courses.com\/index.php?rest_route=\/wp\/v2\/types\/page"}],"author":[{"embeddable":true,"href":"https:\/\/limburger-courses.com\/index.php?rest_route=\/wp\/v2\/users\/1"}],"replies":[{"embeddable":true,"href":"https:\/\/limburger-courses.com\/index.php?rest_route=%2Fwp%2Fv2%2Fcomments&post=6401"}],"version-history":[{"count":12,"href":"https:\/\/limburger-courses.com\/index.php?rest_route=\/wp\/v2\/pages\/6401\/revisions"}],"predecessor-version":[{"id":6472,"href":"https:\/\/limburger-courses.com\/index.php?rest_route=\/wp\/v2\/pages\/6401\/revisions\/6472"}],"wp:attachment":[{"href":"https:\/\/limburger-courses.com\/index.php?rest_route=%2Fwp%2Fv2%2Fmedia&parent=6401"}],"curies":[{"name":"wp","href":"https:\/\/api.w.org\/{rel}","templated":true}]}}