{"id":6425,"date":"2021-03-09T15:21:45","date_gmt":"2021-03-09T15:21:45","guid":{"rendered":"http:\/\/limburger-courses.com\/?page_id=6425"},"modified":"2021-03-12T14:49:46","modified_gmt":"2021-03-12T14:49:46","slug":"golf-club-schloss-braunfels","status":"publish","type":"page","link":"https:\/\/limburger-courses.com\/?page_id=6425","title":{"rendered":"Golf-Club Schloss Braunfels"},"content":{"rendered":"<div class=\"wpb-content-wrapper\">[vc_row fullwidth=&#8220;true&#8220; padding=&#8220;0&#8243;][vc_column][mk_page_title_box section_height=&#8220;600&#8243; bg_image=&#8220;https:\/\/limburger-courses.com\/wp-content\/uploads\/2021\/03\/braunfels-header.jpg&#8220; bg_image_portrait=&#8220;https:\/\/limburger-courses.com\/wp-content\/uploads\/2021\/03\/braunfels-header.jpg&#8220; bg_position=&#8220;center center&#8220; bg_repeat=&#8220;no-repeat&#8220; bg_stretch=&#8220;true&#8220; bg_effects=&#8220;parallax&#8220; font_size=&#8220;24&#8243; title_letter_spacing=&#8220;6&#8243; font_color=&#8220;#ffffff&#8220; underline=&#8220;false&#8220;][\/vc_column][\/vc_row][vc_row][vc_column][vc_column_text][\/vc_column_text][\/vc_column][\/vc_row][vc_row padding=&#8220;0&#8243;][vc_column][mk_padding_divider size=&#8220;20&#8243;][mk_dropcaps style=&#8220;fancy-style&#8220;]F[\/mk_dropcaps][vc_column_text css=&#8220;.vc_custom_1615302445302{margin-bottom: 0px !important;}&#8220;]ernab von Hektik und jeglichem Verkehrsl\u00e4rm liegt die traumhafte 18 Loch-Golfanlage des im Jahr 1971 gegr\u00fcndeten Golf-Club Schloss Braunfels. Das sanft h\u00fcgelige Gel\u00e4nde bietet ein wundersch\u00f6nes Panorama. Ein m\u00e4chtiger, jahrhundertealter Baumbestand umringt die Fairways, die uralten Teiche verteidigen die Gr\u00fcns. Im Zentrum der Anlage befindet sich der historische Gutshof, in dem Verwaltung, Pro Shop und Clubhaus untergebracht sind. Einer der H\u00f6hepunkte der Golfrunde ist mit Sicherheit der faszinierende Anblick auf das f\u00fcrstliche Schloss Braunfels, der sich auf den Bahnen 7 und 13 ergibt. Der h\u00f6chste Punkt der Anlage, der Abschlag der Bahn 8, erm\u00f6glicht einen herrlichen Blick auf die Ausl\u00e4ufer des Taunus\u2018 und des Westerwaldes.[\/vc_column_text][mk_padding_divider size=&#8220;20&#8243;][mk_blockquote style=&#8220;line-style&#8220; font_family=&#8220;none&#8220; align=&#8220;left&#8220;]Als Dr. von Limburger in den Jahren 1970 und 1971 die Pl\u00e4ne f\u00fcr den Golfplatz in Braunfels gezeichnet hat, schaute er bereits auf eine 40-j\u00e4hrige Karriere als Golfarchitekt zur\u00fcck, und seine gro\u00dfe Erfahrung und seine Handschrift ist noch heute auf vielen Bahnen in Braunfels erkennbar. Insbesondere sind viele Gr\u00fcns in Braunfels typische Limburger-Gr\u00fcns, mit sanften Ondulierungen, kleinen Erhebungen an den Gr\u00fcnr\u00e4ndern und mit asymmetrisch angeordneten Gr\u00fcnbunkern. Au\u00dferdem hat Dr. von Limburger die sehr h\u00fcgelige Landschaft geschickt ausgenutzt, so dass sich viele spielerisch interessante und landschaftlich attraktive Bahnen ergeben haben, an die man sich bereits nach der ersten Runde bestens erinnern kann. Dies gilt nicht zuletzt f\u00fcr die Bahn 18, das vielleicht sch\u00f6nste Loch des gesamten Platzes.[\/mk_blockquote][mk_padding_divider][\/vc_column][\/vc_row][vc_row][vc_column][mk_slideshow_box images=&#8220;6427,6428,6431,6432,6433&#8243; slideshow_speed=&#8220;5000&#8243; transition_speed=&#8220;3000&#8243; orderby=&#8220;title&#8220;][\/mk_slideshow_box][\/vc_column][\/vc_row][vc_row][vc_column width=&#8220;1\/2&#8243;][mk_padding_divider][vc_column_text css=&#8220;.vc_custom_1615303117169{margin-bottom: 0px !important;}&#8220;]Golf-Club Schloss Braunfels \u00a0| Homburger Hof | 35619 Braunfels<br \/>\n<a href=\"mailto:info@golfclub-braunfels.de\">info@golfclub-braunfels.de<\/a><br \/>\nTelefon: +49 (0)6442 45 30<br \/>\n<a href=\"https:\/\/www.golf-braunfels.de\" target=\"_blank\" rel=\"noopener noreferrer\">www.golf-braunfels.de<\/a><\/p>\n<p>Gr\u00fcndungsjahr: 1971<br \/>\nJahr der Platzer\u00f6ffnung: 1972<br \/>\nPlatzstatistiken: 18 Loch, Par 72, 6.064m[\/vc_column_text][\/vc_column][vc_column width=&#8220;1\/2&#8243;][mk_padding_divider][vc_single_image image=&#8220;6486&#8243; img_size=&#8220;225&#215;270&#8243; alignment=&#8220;right&#8220; onclick=&#8220;custom_link&#8220; img_link_target=&#8220;_blank&#8220; link=&#8220;https:\/\/www.golf-braunfels.de\/&#8220;][\/vc_column][\/vc_row]\n<\/div>","protected":false},"excerpt":{"rendered":"<p>[vc_row fullwidth=&#8220;true&#8220; padding=&#8220;0&#8243;][vc_column][mk_page_title_box section_height=&#8220;600&#8243; bg_image=&#8220;https:\/\/limburger-courses.com\/wp-content\/uploads\/2021\/03\/braunfels-header.jpg&#8220; bg_image_portrait=&#8220;https:\/\/limburger-courses.com\/wp-content\/uploads\/2021\/03\/braunfels-header.jpg&#8220; bg_position=&#8220;center center&#8220; bg_repeat=&#8220;no-repeat&#8220; bg_stretch=&#8220;true&#8220; bg_effects=&#8220;parallax&#8220; font_size=&#8220;24&#8243; title_letter_spacing=&#8220;6&#8243; font_color=&#8220;#ffffff&#8220; underline=&#8220;false&#8220;][\/vc_column][\/vc_row][vc_row][vc_column][vc_column_text][\/vc_column_text][\/vc_column][\/vc_row][vc_row padding=&#8220;0&#8243;][vc_column][mk_padding_divider size=&#8220;20&#8243;][mk_dropcaps style=&#8220;fancy-style&#8220;]F[\/mk_dropcaps][vc_column_text css=&#8220;.vc_custom_1615302445302{margin-bottom: 0px !important;}&#8220;]ernab von Hektik und jeglichem Verkehrsl\u00e4rm liegt die traumhafte 18 Loch-Golfanlage des im Jahr 1971 gegr\u00fcndeten Golf-Club Schloss Braunfels. Das sanft h\u00fcgelige Gel\u00e4nde bietet ein wundersch\u00f6nes Panorama. Ein m\u00e4chtiger, jahrhundertealter Baumbestand umringt die Fairways, die [&hellip;]<\/p>\n","protected":false},"author":4,"featured_media":0,"parent":0,"menu_order":0,"comment_status":"closed","ping_status":"closed","template":"","meta":{"rs_blank_template":"","rs_page_bg_color":"","slide_template_v7":"","footnotes":""},"class_list":["post-6425","page","type-page","status-publish","hentry"],"_links":{"self":[{"href":"https:\/\/limburger-courses.com\/index.php?rest_route=\/wp\/v2\/pages\/6425","targetHints":{"allow":["GET"]}}],"collection":[{"href":"https:\/\/limburger-courses.com\/index.php?rest_route=\/wp\/v2\/pages"}],"about":[{"href":"https:\/\/limburger-courses.com\/index.php?rest_route=\/wp\/v2\/types\/page"}],"author":[{"embeddable":true,"href":"https:\/\/limburger-courses.com\/index.php?rest_route=\/wp\/v2\/users\/4"}],"replies":[{"embeddable":true,"href":"https:\/\/limburger-courses.com\/index.php?rest_route=%2Fwp%2Fv2%2Fcomments&post=6425"}],"version-history":[{"count":11,"href":"https:\/\/limburger-courses.com\/index.php?rest_route=\/wp\/v2\/pages\/6425\/revisions"}],"predecessor-version":[{"id":6502,"href":"https:\/\/limburger-courses.com\/index.php?rest_route=\/wp\/v2\/pages\/6425\/revisions\/6502"}],"wp:attachment":[{"href":"https:\/\/limburger-courses.com\/index.php?rest_route=%2Fwp%2Fv2%2Fmedia&parent=6425"}],"curies":[{"name":"wp","href":"https:\/\/api.w.org\/{rel}","templated":true}]}}