{"id":6538,"date":"2021-07-24T07:46:47","date_gmt":"2021-07-24T07:46:47","guid":{"rendered":"https:\/\/limburger-courses.com\/?page_id=6538"},"modified":"2021-07-27T05:39:57","modified_gmt":"2021-07-27T05:39:57","slug":"golf-club-lohersand-e-v","status":"publish","type":"page","link":"https:\/\/limburger-courses.com\/?page_id=6538","title":{"rendered":"Golf Club Lohersand e.V."},"content":{"rendered":"<div class=\"wpb-content-wrapper\">[vc_row fullwidth=&#8220;true&#8220; padding=&#8220;0&#8243;][vc_column][mk_page_title_box section_height=&#8220;600&#8243; bg_image=&#8220;https:\/\/limburger-courses.com\/wp-content\/uploads\/2021\/07\/lohersand_vs85565-pano-scaled.jpg&#8220; bg_image_portrait=&#8220;https:\/\/limburger-courses.com\/wp-content\/uploads\/2021\/07\/lohersand_vs85565-pano-scaled.jpg&#8220; bg_position=&#8220;center center&#8220; bg_repeat=&#8220;no-repeat&#8220; bg_stretch=&#8220;true&#8220; bg_effects=&#8220;parallax&#8220; font_size=&#8220;24&#8243; title_letter_spacing=&#8220;6&#8243; font_color=&#8220;#ffffff&#8220; underline=&#8220;false&#8220;][\/vc_column][\/vc_row][vc_row][vc_column][vc_column_text][\/vc_column_text][\/vc_column][\/vc_row][vc_row padding=&#8220;0&#8243;][vc_column][mk_padding_divider size=&#8220;20&#8243;][mk_dropcaps style=&#8220;fancy-style&#8220;]D[\/mk_dropcaps][vc_column_text css=&#8220;.vc_custom_1627111286465{margin-bottom: 0px !important;}&#8220;]\n<p style=\"text-align: justify;\">er Golf Club Lohersand e.V. nahm im Jahr 1959 seinen Spielbetrieb auf und ist damit der viert\u00e4lteste Golfclub Schleswig-Holsteins. Binnend\u00fcnen und weite Heidefl\u00e4chen machen den Golf Club Lohersand schon bei der Ankunft zum Erlebnis. Die Ruhe und Sch\u00f6nheit dieser einmaligen Landschaft zwischen Rendsburg und Schleswig kann nicht nur auf dem exzellenten Golfplatz, sondern nach der Golfrunde auch von der wundersch\u00f6nen Clubhaus-Terrasse genossen werden. Der Golf Club Lohersand verbindet Tradition mit Moderne und steht f\u00fcr ein aktives, geselliges Clubleben sowie f\u00fcr echte Gastfreundschaft.<\/p>\n[\/vc_column_text][mk_padding_divider size=&#8220;20&#8243;][mk_blockquote style=&#8220;line-style&#8220; font_family=&#8220;none&#8220; align=&#8220;left&#8220;]\n<p style=\"text-align: justify;\">Im Auftrag des Gr\u00fcnders Konsul Thomas Entz-von Zerssen verwandelte Dr. von Limburger die Loher Heide, eine 33 Hektar gro\u00dfe Heide- und Waldfl\u00e4che, in einen 9-Loch-Platz. Im Jahr 2000 wurde der Platz auf 18 Loch ausgebaut. Die zweiten 9 bestehen fast komplett aus den urspr\u00fcnglichen Limburger-Bahnen, die sich weitestgehend im Originalzustand befinden. Insbesondere weisen sie die f\u00fcr Limburger so typischen Gr\u00fcnkonturen mit kleinen Erhebungen an den Gr\u00fcnr\u00e4ndern und Bunker mit Sandb\u00f6schung auf. Auch sind die Laufwege vom Gr\u00fcn zum n\u00e4chsten Tee auf den Limburger-Bahnen angenehm kurz.<\/p>\n<p>&nbsp;<\/p>\n<p style=\"text-align: justify;\">Lohersand ist der einzige Platz, den Limburger in einer reinen Heidelandschaft angelegt hat. Diese Landschaft verleiht dem Platz ein ganz besonderes Flair und macht ihn ohne Zweifel zu einem der landschaftlich attraktivsten Pl\u00e4tze Deutschlands.<\/p>\n[\/mk_blockquote][mk_padding_divider][\/vc_column][\/vc_row][vc_row][vc_column][mk_slideshow_box images=&#8220;6552,6551,6550,6549,6548&#8243; slideshow_speed=&#8220;5000&#8243; transition_speed=&#8220;3000&#8243;][\/mk_slideshow_box][\/vc_column][\/vc_row][vc_row][vc_column width=&#8220;1\/2&#8243;][mk_padding_divider][vc_column_text css=&#8220;.vc_custom_1627112934912{margin-bottom: 0px !important;}&#8220;]Golf Club Lohersand e.V. | Am Golfplatz | 24806 Sorgbr\u00fcck<br \/>\n<a href=\"mailto:info@lohersand.de\" target=\"_blank\" rel=\"noopener noreferrer\">info@lohersand.de<\/a><br \/>\nPhone +49 (0)4336 999111<br \/>\n<a href=\"https:\/\/www.gc-lohersand.de\/\" target=\"_blank\" rel=\"noopener noreferrer\">www.lohersand.de<\/a><\/p>\n<p>Gr\u00fcndungsjahr: 1959<br \/>\nJahr der Platzer\u00f6ffnung: 1959<br \/>\nPlatzstatistiken: 18 Loch, Par 71, 5.480m[\/vc_column_text][\/vc_column][vc_column width=&#8220;1\/2&#8243;][mk_padding_divider size=&#8220;20&#8243;][vc_single_image image=&#8220;6545&#8243; img_size=&#8220;200&#215;250&#8243; alignment=&#8220;right&#8220; onclick=&#8220;custom_link&#8220; img_link_target=&#8220;_blank&#8220; link=&#8220;https:\/\/www.gc-lohersand.de\/&#8220;][\/vc_column][\/vc_row]\n<\/div>","protected":false},"excerpt":{"rendered":"<p>[vc_row fullwidth=&#8220;true&#8220; padding=&#8220;0&#8243;][vc_column][mk_page_title_box section_height=&#8220;600&#8243; bg_image=&#8220;https:\/\/limburger-courses.com\/wp-content\/uploads\/2021\/07\/lohersand_vs85565-pano-scaled.jpg&#8220; bg_image_portrait=&#8220;https:\/\/limburger-courses.com\/wp-content\/uploads\/2021\/07\/lohersand_vs85565-pano-scaled.jpg&#8220; bg_position=&#8220;center center&#8220; bg_repeat=&#8220;no-repeat&#8220; bg_stretch=&#8220;true&#8220; bg_effects=&#8220;parallax&#8220; font_size=&#8220;24&#8243; title_letter_spacing=&#8220;6&#8243; font_color=&#8220;#ffffff&#8220; underline=&#8220;false&#8220;][\/vc_column][\/vc_row][vc_row][vc_column][vc_column_text][\/vc_column_text][\/vc_column][\/vc_row][vc_row padding=&#8220;0&#8243;][vc_column][mk_padding_divider size=&#8220;20&#8243;][mk_dropcaps style=&#8220;fancy-style&#8220;]D[\/mk_dropcaps][vc_column_text css=&#8220;.vc_custom_1627111286465{margin-bottom: 0px !important;}&#8220;] er Golf Club Lohersand e.V. nahm im Jahr 1959 seinen Spielbetrieb auf und ist damit der viert\u00e4lteste Golfclub Schleswig-Holsteins. Binnend\u00fcnen und weite Heidefl\u00e4chen machen den Golf Club Lohersand schon bei der Ankunft zum Erlebnis. [&hellip;]<\/p>\n","protected":false},"author":1,"featured_media":0,"parent":0,"menu_order":0,"comment_status":"closed","ping_status":"closed","template":"","meta":{"rs_blank_template":"","rs_page_bg_color":"","slide_template_v7":"","footnotes":""},"class_list":["post-6538","page","type-page","status-publish","hentry"],"_links":{"self":[{"href":"https:\/\/limburger-courses.com\/index.php?rest_route=\/wp\/v2\/pages\/6538","targetHints":{"allow":["GET"]}}],"collection":[{"href":"https:\/\/limburger-courses.com\/index.php?rest_route=\/wp\/v2\/pages"}],"about":[{"href":"https:\/\/limburger-courses.com\/index.php?rest_route=\/wp\/v2\/types\/page"}],"author":[{"embeddable":true,"href":"https:\/\/limburger-courses.com\/index.php?rest_route=\/wp\/v2\/users\/1"}],"replies":[{"embeddable":true,"href":"https:\/\/limburger-courses.com\/index.php?rest_route=%2Fwp%2Fv2%2Fcomments&post=6538"}],"version-history":[{"count":7,"href":"https:\/\/limburger-courses.com\/index.php?rest_route=\/wp\/v2\/pages\/6538\/revisions"}],"predecessor-version":[{"id":6559,"href":"https:\/\/limburger-courses.com\/index.php?rest_route=\/wp\/v2\/pages\/6538\/revisions\/6559"}],"wp:attachment":[{"href":"https:\/\/limburger-courses.com\/index.php?rest_route=%2Fwp%2Fv2%2Fmedia&parent=6538"}],"curies":[{"name":"wp","href":"https:\/\/api.w.org\/{rel}","templated":true}]}}